{"id":1461,"date":"2018-04-04T14:07:14","date_gmt":"2018-04-04T22:07:14","guid":{"rendered":"https:\/\/atasteofalaska.com\/buchen\/"},"modified":"2018-04-04T14:07:16","modified_gmt":"2018-04-04T22:07:16","slug":"buchen","status":"publish","type":"page","link":"https:\/\/atasteofalaska.com\/de\/buchen\/","title":{"rendered":"BUCHEN"},"content":{"rendered":"<section class=\"wpb-content-wrapper\"><p>[vc_row css_animation=&#8220;&#8220; row_type=&#8220;row&#8220; use_row_as_full_screen_section=&#8220;no&#8220; type=&#8220;grid&#8220; angled_section=&#8220;no&#8220; text_align=&#8220;center&#8220; background_image=&#8220;500&#8243; background_image_as_pattern=&#8220;without_pattern&#8220; css=&#8220;.vc_custom_1496710295325{padding-top: 0% !important;padding-bottom: 0% !important;}&#8220;][vc_column css=&#8220;.vc_custom_1496711919776{padding-top: 4% !important;padding-bottom: 4% !important;}&#8220;][vc_column_text]<\/p>\n<h1><span style=\"color: #ffffff;\">BUCHEN<\/span><\/h1>\n<p>[\/vc_column_text][\/vc_column][\/vc_row][vc_row css_animation=&#8220;&#8220; row_type=&#8220;row&#8220; use_row_as_full_screen_section=&#8220;no&#8220; type=&#8220;grid&#8220; angled_section=&#8220;no&#8220; text_align=&#8220;center&#8220; background_image_as_pattern=&#8220;without_pattern&#8220; css=&#8220;.vc_custom_1497326907261{padding-top: 2% !important;padding-bottom: 4.8% !important;}&#8220;][vc_column width=&#8220;1\/12&#8243;][\/vc_column][vc_column width=&#8220;5\/6&#8243;][vc_column_text]<\/p>\n<h2>Reservierungen f\u00fcr Ihren Aufenthalt.<\/h2>\n<p>[\/vc_column_text][vc_column_text css=&#8220;.vc_custom_1498555214424{margin-top: 20px !important;margin-bottom: 20px !important;}&#8220;]Verwenden Sie das untenstehende Formular, w\u00e4hlen Sie einfach Ihre Daten, die Anzahl der Zimmer, die Anzahl der G\u00e4ste und klicken Sie auf Senden.<br \/>\nSie werden auf die Website von RezOvation gebracht, um Ihre Unterkunft zu buchen.[\/vc_column_text][vc_raw_html]PGlmcmFtZSBzdHlsZT0iaGVpZ2h0OiAxNjBweDsgd2lkdGg6IDMwMHB4OyIgc3JjPSJodHRwczovL1NlY3VyZS5SZXpPdmF0aW9uLmNvbS9SZXNlcnZhdGlvbnMvQ2hlY2tBdmFpbGFiaWxpdHlFbWJlZGRlZC5hc3B4P18wUTJaOTJORlA0MldFVyIgbm9yZXNpemUgZnJhbWVib3JkZXI9Im5vIiBzY3JvbGxpbmc9Im5vIiBhbGxvd3RyYW5zcGFyZW5jeT0idHJ1ZSI+PC9pZnJhbWU+[\/vc_raw_html][\/vc_column][vc_column width=&#8220;1\/12&#8243;][\/vc_column][\/vc_row][vc_row css_animation=&#8220;&#8220; row_type=&#8220;row&#8220; use_row_as_full_screen_section=&#8220;no&#8220; type=&#8220;full_width&#8220; angled_section=&#8220;no&#8220; text_align=&#8220;center&#8220; background_image_as_pattern=&#8220;without_pattern&#8220; background_color=&#8220;#fafafa&#8220; css=&#8220;.vc_custom_1500032421126{background-color: rgba(204,204,204,0.49) !important;*background-color: rgb(204,204,204) !important;}&#8220;][vc_column][qode_elements_holder number_of_columns=&#8220;two_columns&#8220;][qode_elements_holder_item item_padding=&#8220;15.5% 13% 14% 13%&#8220; advanced_animations=&#8220;no&#8220; item_padding_1024_1280=&#8220;16% 5% 14.7% 5%&#8220; item_padding_768_1024=&#8220;16% 5% 14.7% 5%&#8220; item_padding_600_768=&#8220;8% 10% 8.7% 10% &#8220; item_padding_480_600=&#8220;18% 3% 14.7% 3%&#8220; item_padding_480=&#8220;18% 3% 14.7% 3%&#8220;][vc_column_text]<\/p>\n<h3>Anzahlungen:<\/h3>\n<p>[\/vc_column_text][vc_empty_space height=&#8220;49px&#8220;][vc_column_text css=&#8220;.vc_custom_1500032112878{padding-right: 10% !important;padding-left: 10% !important;}&#8220;]<\/p>\n<p style=\"text-align: left;\">Wir ben\u00f6tigen eine nicht r\u00fcckzahlbare Anzahlung von eine (1) Nacht  f\u00fcr alle best\u00e4tigten Reservierungen. Ihre Kreditkartennummer und das Ablaufdatum sind f\u00fcr eine Reservierung erforderlich und m\u00fcssen zum Zeitpunkt der Reservierung angegeben werden.<\/p>\n<p>&nbsp;<\/p>\n<p style=\"text-align: left;\">1. Wir werden Ihre Anzahlung von der bei der Reservierung angegebenen Kreditkarte abbuchen.<\/p>\n<p>&nbsp;<\/p>\n<p style=\"text-align: left;\">2. Scheck oder internationale Zahlungsanweisung kann per Post f\u00fcr die Anzahlung verschickt werden. Die volle Bezahlung f\u00fcr eine \u00dcbernachtung ist f\u00fcr eine best\u00e4tigte Reservierung erforderlich. (Senden Sie die Anzahlung an die Postanschrift am Ende dieser Seite.) Ihre Kreditkarteninformationen sind nach wie vor erforderlich, wenn Sie Ihre urspr\u00fcngliche Reservierung vornehmen.<\/p>\n<p>&nbsp;<\/p>\n<p style=\"text-align: left;\">3. Aufenthalte, die 7 Tage \u00fcberschreiten, k\u00f6nnten eine gr\u00f6\u00dfere Anzahlung erfordern. Wir werden uns mit Ihnen in Verbindung setzen, wenn eine zus\u00e4tzliche Kaution ben\u00f6tigt wird.<\/p>\n<p>&nbsp;<\/p>\n<p style=\"text-align: left;\">4. Anzahlungen sind bei einer Stornierung nicht r\u00fcckzahlbar und nicht auf andere G\u00e4ste \u00fcbertragbar. Anzahlungen k\u00f6nnen auf Umbuchungstermine \u00fcbertragen werden, wenn Platz f\u00fcr die \u00c4nderung vorhanden ist. Alle Stornierungen werden zu einer Mindeststrafe der (1) Nacht Kaution f\u00fchren.<\/p>\n<p>&nbsp;<\/p>\n<p style=\"text-align: left;\">5. Fr\u00fchzeitige Abreise, vor dem reservierten Zeitrahmen, gilt als Stornierung und erfordert die vollst\u00e4ndige Bezahlung.<\/p>\n<p>&nbsp;<\/p>\n<p style=\"text-align: left;\">6. Wenn die Reservierung innerhalb von 72 Stunden vor der Ankunft oder durch Nicht-Erscheinen storniert wird, unterliegt die Reservierung der vollen Zahlung.<\/p>\n<p>[\/vc_column_text][vc_empty_space height=&#8220;50px&#8220;][\/qode_elements_holder_item][qode_elements_holder_item background_image=&#8220;617&#8243; item_padding=&#8220;0% 0% 0% 0%&#8220; vertical_alignment=&#8220;middle&#8220; advanced_animations=&#8220;no&#8220; item_padding_1024_1280=&#8220;0% 0% 0% 0%&#8220; item_padding_768_1024=&#8220;0% 0% 0% 0%&#8220; item_padding_600_768=&#8220;35% 0% 33% 0%&#8220; item_padding_480_600=&#8220;57% 0% 98% 0%&#8220; item_padding_480=&#8220;57% 0% 98% 0%&#8220;][\/qode_elements_holder_item][\/qode_elements_holder][\/vc_column][\/vc_row]<\/p>\n<\/section>","protected":false},"excerpt":{"rendered":"<p>[vc_row css_animation=&#8220;&#8220; row_type=&#8220;row&#8220; use_row_as_full_screen_section=&#8220;no&#8220; type=&#8220;grid&#8220; angled_section=&#8220;no&#8220; text_align=&#8220;center&#8220; background_image=&#8220;500&#8243; background_image_as_pattern=&#8220;without_pattern&#8220; css=&#8220;.vc_custom_1496710295325{padding-top: 0% !important;padding-bottom: 0% !important;}&#8220;][vc_column css=&#8220;.vc_custom_1496711919776{padding-top: 4% !important;padding-bottom: 4% !important;}&#8220;][vc_column_text] BUCHEN [\/vc_column_text][\/vc_column][\/vc_row][vc_row css_animation=&#8220;&#8220; row_type=&#8220;row&#8220; use_row_as_full_screen_section=&#8220;no&#8220; type=&#8220;grid&#8220; angled_section=&#8220;no&#8220; text_align=&#8220;center&#8220; background_image_as_pattern=&#8220;without_pattern&#8220; css=&#8220;.vc_custom_1497326907261{padding-top: 2% !important;padding-bottom: 4.8% !important;}&#8220;][vc_column width=&#8220;1\/12&#8243;][\/vc_column][vc_column width=&#8220;5\/6&#8243;][vc_column_text] Reservierungen f\u00fcr Ihren Aufenthalt. [\/vc_column_text][vc_column_text css=&#8220;.vc_custom_1498555214424{margin-top: 20px !important;margin-bottom: 20px !important;}&#8220;]Verwenden&#8230;<\/p>\n","protected":false},"author":2,"featured_media":0,"parent":0,"menu_order":0,"comment_status":"closed","ping_status":"closed","template":"full_width.php","meta":{"footnotes":""},"class_list":["post-1461","page","type-page","status-publish","hentry"],"_links":{"self":[{"href":"https:\/\/atasteofalaska.com\/de\/wp-json\/wp\/v2\/pages\/1461","targetHints":{"allow":["GET"]}}],"collection":[{"href":"https:\/\/atasteofalaska.com\/de\/wp-json\/wp\/v2\/pages"}],"about":[{"href":"https:\/\/atasteofalaska.com\/de\/wp-json\/wp\/v2\/types\/page"}],"author":[{"embeddable":true,"href":"https:\/\/atasteofalaska.com\/de\/wp-json\/wp\/v2\/users\/2"}],"replies":[{"embeddable":true,"href":"https:\/\/atasteofalaska.com\/de\/wp-json\/wp\/v2\/comments?post=1461"}],"version-history":[{"count":0,"href":"https:\/\/atasteofalaska.com\/de\/wp-json\/wp\/v2\/pages\/1461\/revisions"}],"wp:attachment":[{"href":"https:\/\/atasteofalaska.com\/de\/wp-json\/wp\/v2\/media?parent=1461"}],"curies":[{"name":"wp","href":"https:\/\/api.w.org\/{rel}","templated":true}]}}