{"id":1460,"date":"2018-04-04T14:06:23","date_gmt":"2018-04-04T22:06:23","guid":{"rendered":"https:\/\/atasteofalaska.com\/aurora-borealis\/"},"modified":"2018-05-19T21:45:45","modified_gmt":"2018-05-20T05:45:45","slug":"aurora-borealis","status":"publish","type":"page","link":"https:\/\/atasteofalaska.com\/de\/aurora-borealis\/","title":{"rendered":"Aurora Borealis"},"content":{"rendered":"<section class=\"wpb-content-wrapper\"><p>[vc_row css_animation=&#8220;&#8220; row_type=&#8220;row&#8220; use_row_as_full_screen_section=&#8220;no&#8220; type=&#8220;grid&#8220; angled_section=&#8220;no&#8220; text_align=&#8220;center&#8220; background_image=&#8220;500&#8243; background_image_as_pattern=&#8220;without_pattern&#8220; css=&#8220;.vc_custom_1496710295325{padding-top: 0% !important;padding-bottom: 0% !important;}&#8220;][vc_column css=&#8220;.vc_custom_1496711919776{padding-top: 4% !important;padding-bottom: 4% !important;}&#8220;][vc_column_text]<\/p>\n<h1><span style=\"color: #ffffff;\">AURORA BOREALIS<\/span><\/h1>\n<p>[\/vc_column_text][\/vc_column][\/vc_row][vc_row css_animation=&#8220;&#8220; row_type=&#8220;row&#8220; use_row_as_full_screen_section=&#8220;no&#8220; type=&#8220;grid&#8220; angled_section=&#8220;no&#8220; text_align=&#8220;center&#8220; background_image_as_pattern=&#8220;without_pattern&#8220; css=&#8220;.vc_custom_1497528040298{padding-top: 4.95% !important;padding-bottom: 4% !important;}&#8220;][vc_column width=&#8220;1\/12&#8243;][\/vc_column][vc_column width=&#8220;5\/6&#8243;][vc_empty_space][vc_column_text]<\/p>\n<h6>A Taste of Alaska Lodge\u2019s  abgeschiedene Lage macht es zur perfekten Aurora Borealis Beobachtungs-Lodge.<\/h6>\n<p>[\/vc_column_text][\/vc_column][vc_column width=&#8220;1\/12&#8243;][\/vc_column][\/vc_row][vc_row css_animation=&#8220;&#8220; row_type=&#8220;row&#8220; use_row_as_full_screen_section=&#8220;no&#8220; type=&#8220;grid&#8220; angled_section=&#8220;no&#8220; text_align=&#8220;left&#8220; background_image_as_pattern=&#8220;without_pattern&#8220; css=&#8220;.vc_custom_1497528004481{padding-top: 3% !important;padding-bottom: 2% !important;}&#8220;][vc_column width=&#8220;2\/3&#8243;][vc_single_image image=&#8220;613&#8243; img_size=&#8220;full&#8220; add_caption=&#8220;yes&#8220; alignment=&#8220;center&#8220; qode_css_animation=&#8220;&#8220; css=&#8220;.vc_custom_1501288133626{padding-bottom: 0px !important;}&#8220;][vc_empty_space height=&#8220;29px&#8220;][\/vc_column][vc_column width=&#8220;1\/3&#8243;][vc_single_image image=&#8220;614&#8243; img_size=&#8220;full&#8220; qode_css_animation=&#8220;&#8220; css=&#8220;.vc_custom_1497527188440{padding-bottom: 0px !important;}&#8220;][vc_empty_space height=&#8220;29px&#8220;][vc_single_image image=&#8220;615&#8243; img_size=&#8220;full&#8220; qode_css_animation=&#8220;&#8220; css=&#8220;.vc_custom_1497527205786{padding-top: 0px !important;}&#8220;][\/vc_column][\/vc_row][vc_row css_animation=&#8220;&#8220; row_type=&#8220;row&#8220; use_row_as_full_screen_section=&#8220;no&#8220; type=&#8220;grid&#8220; angled_section=&#8220;no&#8220; text_align=&#8220;center&#8220; background_image_as_pattern=&#8220;without_pattern&#8220; css=&#8220;.vc_custom_1498019398436{padding-top: 2% !important;padding-bottom: 4.8% !important;}&#8220;][vc_column width=&#8220;1\/12&#8243;][\/vc_column][vc_column width=&#8220;5\/6&#8243;][vc_column_text]<\/p>\n<p style=\"text-align: left;\"> Die Nordlichter, oder Aurora Borealis, wie sie in der der n\u00f6rdlichen Hemisph\u00e4re bekannt ist, sind wirklich eines der spektakul\u00e4rsten Naturereignisse. A Taste Alaska Lodge befindet sich an einem Ort, der praktisch frei von Lichtverschmutzung ist, so dass es ein fantastischer Platz f\u00fcr die Aurora Borealis Betrachtung ist.<\/p>\n<p>&nbsp;<\/p>\n<p style=\"text-align: left;\"> Einfach ausgedr\u00fcckt werden die Lichter der Aurora Borealis durch elektrisch geladene Teilchen von  der Sonne verursacht, die mit Gasatomen in der oberen Atmosph\u00e4re der Erde zusammensto\u00dfen. Die Farben, die typischerweise w\u00e4hrend dieser Wechselwirkungen gesehen werden, reichen von gr\u00fcn und wei\u00df, zu rot und gelegentlich sogar zu violett und blau.<\/p>\n<p>&nbsp;<\/p>\n<p style=\"text-align: left;\">Diese beeindruckende und magische Vorf\u00fchrung kann in den Zeiten von aktiven Sonneneruptionen und der kalten, klaren N\u00e4chte in Alaska leichter gesehen werden. A Taste of Alaska Lodge hat eine Jurte auf dem Grundst\u00fcck, in der man sich w\u00e4hrend der mitrei\u00dfenden<br \/>\nBeobachtungen Aufw\u00e4rmen und ein hei\u00dfes Getr\u00e4nk geniessen kann.<\/p>\n<p>&nbsp;<\/p>\n<p style=\"text-align: left;\"> F\u00fcr weitere Informationen \u00fcber die Aurora, besuchen Sie die Internetseite des<a href=\"http:\/\/www.gi.alaska.edu\/AuroraForecast\" target=\"_blank\" rel=\"noopener noreferrer\">Alaska Geophysical Institutes<\/a>.<\/p>\n<p>[\/vc_column_text][vc_empty_space height=&#8220;48px&#8220;]<a  itemprop=\"url\" href=\"https:\/\/atasteofalaska.com\/de\/accommodations\/\" target=\"_self\"  class=\"qbutton  center default\" style=\"font-style: normal; \">UNTERK\u00dcNFTE <\/a>[vc_empty_space height=&#8220;48px&#8220;][\/vc_column][vc_column width=&#8220;1\/12&#8243;][\/vc_column][\/vc_row][vc_row css_animation=&#8220;&#8220; row_type=&#8220;row&#8220; use_row_as_full_screen_section=&#8220;no&#8220; type=&#8220;full_width&#8220; angled_section=&#8220;no&#8220; text_align=&#8220;left&#8220; background_image_as_pattern=&#8220;without_pattern&#8220;][vc_column]<div class='qode_image_gallery_no_space '><div class='qode_image_gallery_holder' style=''><ul  ><li  ><div style=\" width:1200px;\"><img decoding=\"async\" itemprop=\"image\" src=\"https:\/\/atasteofalaska.com\/wp-content\/uploads\/2017\/05\/X8A7102-1.jpg\" alt=\"\" \/><\/div><\/li><li  ><div style=\" width:1200px;\"><img decoding=\"async\" itemprop=\"image\" src=\"https:\/\/atasteofalaska.com\/wp-content\/uploads\/2017\/05\/007_Mihoko_and_Marco_Togni.jpg\" alt=\"\" \/><\/div><\/li><li  ><div style=\" width:1200px;\"><img decoding=\"async\" itemprop=\"image\" src=\"https:\/\/atasteofalaska.com\/wp-content\/uploads\/2017\/05\/046_Mihoko_and_Marco_Togni.jpg\" alt=\"\" \/><\/div><\/li><li  ><div style=\" width:1200px;\"><img decoding=\"async\" itemprop=\"image\" src=\"https:\/\/atasteofalaska.com\/wp-content\/uploads\/2017\/05\/113_Mihoko_and_Marco_Togni.jpg\" alt=\"\" \/><\/div><\/li><li  ><div style=\" width:1200px;\"><img decoding=\"async\" itemprop=\"image\" src=\"https:\/\/atasteofalaska.com\/wp-content\/uploads\/2017\/05\/117_Mihoko_and_Marco_Togni.jpg\" alt=\"\" \/><\/div><\/li><li  ><div style=\" width:1200px;\"><img decoding=\"async\" itemprop=\"image\" src=\"https:\/\/atasteofalaska.com\/wp-content\/uploads\/2017\/05\/131_Mihoko_and_Marco_Togni.jpg\" alt=\"\" \/><\/div><\/li><\/ul><\/div><div class=\"controls\"><a class=\"prev-slide\" href=\"#\"><span><i class=\"fa fa-angle-left\"><\/i><\/span><\/a><a class=\"next-slide\" href=\"#\"><span><i class=\"fa fa-angle-right\"><\/i><\/span><\/a><\/div><\/div>[\/vc_column][\/vc_row]<\/p>\n<\/section>","protected":false},"excerpt":{"rendered":"<p>[vc_row css_animation=&#8220;&#8220; row_type=&#8220;row&#8220; use_row_as_full_screen_section=&#8220;no&#8220; type=&#8220;grid&#8220; angled_section=&#8220;no&#8220; text_align=&#8220;center&#8220; background_image=&#8220;500&#8243; background_image_as_pattern=&#8220;without_pattern&#8220; css=&#8220;.vc_custom_1496710295325{padding-top: 0% !important;padding-bottom: 0% !important;}&#8220;][vc_column css=&#8220;.vc_custom_1496711919776{padding-top: 4% !important;padding-bottom: 4% !important;}&#8220;][vc_column_text] AURORA BOREALIS [\/vc_column_text][\/vc_column][\/vc_row][vc_row css_animation=&#8220;&#8220; row_type=&#8220;row&#8220; use_row_as_full_screen_section=&#8220;no&#8220; type=&#8220;grid&#8220; angled_section=&#8220;no&#8220; text_align=&#8220;center&#8220; background_image_as_pattern=&#8220;without_pattern&#8220; css=&#8220;.vc_custom_1497528040298{padding-top: 4.95% !important;padding-bottom: 4% !important;}&#8220;][vc_column width=&#8220;1\/12&#8243;][\/vc_column][vc_column width=&#8220;5\/6&#8243;][vc_empty_space][vc_column_text] A Taste of Alaska Lodge\u2019s abgeschiedene Lage macht es&#8230;<\/p>\n","protected":false},"author":2,"featured_media":0,"parent":0,"menu_order":0,"comment_status":"closed","ping_status":"closed","template":"full_width.php","meta":{"footnotes":""},"class_list":["post-1460","page","type-page","status-publish","hentry"],"_links":{"self":[{"href":"https:\/\/atasteofalaska.com\/de\/wp-json\/wp\/v2\/pages\/1460","targetHints":{"allow":["GET"]}}],"collection":[{"href":"https:\/\/atasteofalaska.com\/de\/wp-json\/wp\/v2\/pages"}],"about":[{"href":"https:\/\/atasteofalaska.com\/de\/wp-json\/wp\/v2\/types\/page"}],"author":[{"embeddable":true,"href":"https:\/\/atasteofalaska.com\/de\/wp-json\/wp\/v2\/users\/2"}],"replies":[{"embeddable":true,"href":"https:\/\/atasteofalaska.com\/de\/wp-json\/wp\/v2\/comments?post=1460"}],"version-history":[{"count":0,"href":"https:\/\/atasteofalaska.com\/de\/wp-json\/wp\/v2\/pages\/1460\/revisions"}],"wp:attachment":[{"href":"https:\/\/atasteofalaska.com\/de\/wp-json\/wp\/v2\/media?parent=1460"}],"curies":[{"name":"wp","href":"https:\/\/api.w.org\/{rel}","templated":true}]}}