{"id":1459,"date":"2018-04-04T14:04:11","date_gmt":"2018-04-04T22:04:11","guid":{"rendered":"https:\/\/atasteofalaska.com\/activities-at-the-lodge\/winteraktivitaten\/"},"modified":"2018-04-04T14:04:16","modified_gmt":"2018-04-04T22:04:16","slug":"winteraktivitaten","status":"publish","type":"page","link":"https:\/\/atasteofalaska.com\/de\/activities-at-the-lodge\/winteraktivitaten\/","title":{"rendered":"Winteraktivit\u00e4ten"},"content":{"rendered":"<section class=\"wpb-content-wrapper\"><p>[vc_row css_animation=&#8220;&#8220; row_type=&#8220;row&#8220; use_row_as_full_screen_section=&#8220;no&#8220; type=&#8220;grid&#8220; angled_section=&#8220;no&#8220; text_align=&#8220;center&#8220; background_image=&#8220;500&#8243; background_image_as_pattern=&#8220;without_pattern&#8220; css=&#8220;.vc_custom_1496710295325{padding-top: 0% !important;padding-bottom: 0% !important;}&#8220;][vc_column css=&#8220;.vc_custom_1496711919776{padding-top: 4% !important;padding-bottom: 4% !important;}&#8220;][vc_column_text]<\/p>\n<h1><span style=\"color: #ffffff;\">WINTERAKTIVIT\u00c4TEN<\/span><\/h1>\n<p>[\/vc_column_text][\/vc_column][\/vc_row][vc_row css_animation=&#8220;&#8220; row_type=&#8220;row&#8220; use_row_as_full_screen_section=&#8220;no&#8220; type=&#8220;grid&#8220; angled_section=&#8220;no&#8220; text_align=&#8220;left&#8220; background_image_as_pattern=&#8220;without_pattern&#8220; css=&#8220;.vc_custom_1496804138560{padding-top: 4.75% !important;padding-bottom: 4.9% !important;}&#8220;][vc_column][vc_empty_space height=&#8220;54px&#8220;][vc_row_inner row_type=&#8220;row&#8220; type=&#8220;full_width&#8220; text_align=&#8220;left&#8220; css_animation=&#8220;&#8220;][vc_column_inner width=&#8220;1\/12&#8243;][\/vc_column_inner][vc_column_inner width=&#8220;5\/6&#8243;][vc_column_text]<\/p>\n<h6 style=\"text-align: center;\">Winter ist eine spektakul\u00e4re Zeit in der A Taste of Alaska Lodge. Ein funkelndes Winterwunderland und viele Winterwetter Abenteuer erwarten die Besucher in diesem Mekka der Nordlichter Beobachtung in der N\u00e4he von Fairbanks.<\/h6>\n<p>[\/vc_column_text][\/vc_column_inner][vc_column_inner width=&#8220;1\/12&#8243;][\/vc_column_inner][\/vc_row_inner][vc_empty_space height=&#8220;54px&#8220;][\/vc_column][\/vc_row][vc_row css_animation=&#8220;&#8220; row_type=&#8220;row&#8220; use_row_as_full_screen_section=&#8220;no&#8220; type=&#8220;full_width&#8220; angled_section=&#8220;no&#8220; text_align=&#8220;center&#8220; background_image_as_pattern=&#8220;without_pattern&#8220; background_color=&#8220;#fafafa&#8220;][vc_column][qode_elements_holder number_of_columns=&#8220;two_columns&#8220;][qode_elements_holder_item item_padding=&#8220;15.5% 13% 14% 13%&#8220; advanced_animations=&#8220;no&#8220; item_padding_1024_1280=&#8220;16% 5% 14.7% 5%&#8220; item_padding_768_1024=&#8220;16% 5% 14.7% 5%&#8220; item_padding_600_768=&#8220;8% 10% 8.7% 10% &#8220; item_padding_480_600=&#8220;18% 3% 14.7% 3%&#8220; item_padding_480=&#8220;18% 3% 14.7% 3%&#8220;][vc_column_text]<\/p>\n<h2>AURORA BOREALIS<\/h2>\n<p>[\/vc_column_text][vc_empty_space height=&#8220;49px&#8220;][vc_column_text css=&#8220;.vc_custom_1498529012553{padding-right: 10% !important;padding-left: 10% !important;}&#8220;]A Taste of Alaska Lodge ist weit genug von den Stadtlichtern von Fairbanks entfernt, dass die Aurora Borealis, oder Nordlichter, an klaren Wintern\u00e4chten zu sehen sind. Viele Menschen tr\u00e4umen davon, die Aurora zu erleben, ein Ph\u00e4nomen, das fast magisch erscheint, wenn sich die Farben bewegen und \u00fcber den Himmel tanzen. Es gibt eine Jurte, in der sich die G\u00e4ste an in den kalten Wintern\u00e4chten w\u00e4hrend der Nordlichter-Beobachtung aufw\u00e4rmen k\u00f6nnen.[\/vc_column_text][vc_empty_space height=&#8220;50px&#8220;][\/qode_elements_holder_item][qode_elements_holder_item background_image=&#8220;568&#8243; item_padding=&#8220;0% 0% 0% 0%&#8220; vertical_alignment=&#8220;middle&#8220; advanced_animations=&#8220;no&#8220; item_padding_1024_1280=&#8220;0% 0% 0% 0%&#8220; item_padding_768_1024=&#8220;0% 0% 0% 0%&#8220; item_padding_600_768=&#8220;35% 0% 33% 0%&#8220; item_padding_480_600=&#8220;57% 0% 98% 0%&#8220; item_padding_480=&#8220;57% 0% 98% 0%&#8220;][\/qode_elements_holder_item][\/qode_elements_holder][\/vc_column][\/vc_row][vc_row css_animation=&#8220;&#8220; row_type=&#8220;row&#8220; use_row_as_full_screen_section=&#8220;no&#8220; type=&#8220;full_width&#8220; angled_section=&#8220;no&#8220; text_align=&#8220;center&#8220; background_image_as_pattern=&#8220;without_pattern&#8220; background_color=&#8220;#fafafa&#8220;][vc_column][qode_elements_holder number_of_columns=&#8220;two_columns&#8220;][qode_elements_holder_item background_image=&#8220;569&#8243; item_padding=&#8220;0% 0% 0% 0%&#8220; vertical_alignment=&#8220;middle&#8220; advanced_animations=&#8220;no&#8220; item_padding_1024_1280=&#8220;0% 0% 0% 0%&#8220; item_padding_768_1024=&#8220;0% 0% 0% 0%&#8220; item_padding_600_768=&#8220;35% 0% 33% 0%&#8220; item_padding_480_600=&#8220;57% 0% 98% 0%&#8220; item_padding_480=&#8220;57% 0% 98% 0%&#8220;][\/qode_elements_holder_item][qode_elements_holder_item item_padding=&#8220;15.2% 13% 14.6% 13%&#8220; advanced_animations=&#8220;no&#8220; item_padding_1024_1280=&#8220;16% 5% 14.7% 5%&#8220; item_padding_768_1024=&#8220;16% 5% 14.7% 5%&#8220; item_padding_600_768=&#8220;8% 10% 8.7% 10% &#8220; item_padding_480_600=&#8220;18% 3% 14.7% 3% &#8220; item_padding_480=&#8220;18% 3% 14.7% 3%&#8220;][vc_column_text]<\/p>\n<h2>HUNDESCHLITTENFAHREN<\/h2>\n<p>[\/vc_column_text][vc_empty_space height=&#8220;49px&#8220;][vc_column_text css=&#8220;.vc_custom_1500030126245{padding-right: 10% !important;padding-left: 10% !important;}&#8220;]Eine beliebte Winteraktivit\u00e4t in der A Taste of Alaska Lodge ist Hundeschlittenfahrten. Die G\u00e4ste genie\u00dfen kurze Fahrten und einst\u00fcndige Touren direkt auf unserem Grundst\u00fcck mit der Firma <a href=\"http:\/\/www.pawsforadventure.com\/\" target=\"_blank\" rel=\"noopener noreferrer\">Paws for Adventure<\/a>. Ein erfahrener Hundef\u00fchrer leitet und f\u00e4hrt die Hunde auf schneebedeckten Wegen durch den Wald.\u00a0<a href=\"http:\/\/www.pawsforadventure.com\/\" target=\"_blank\" rel=\"noopener noreferrer\">Paws for Adventure<\/a> biete auch Lehrg\u00e4nge und \u00dcbernachtungen f\u00fcr G\u00e4ste an, die lernen wollen, wie man selbst ein Hunde Team leitet.[\/vc_column_text][vc_empty_space height=&#8220;50px&#8220;][\/qode_elements_holder_item][\/qode_elements_holder][\/vc_column][\/vc_row][vc_row css_animation=&#8220;&#8220; row_type=&#8220;row&#8220; use_row_as_full_screen_section=&#8220;no&#8220; type=&#8220;full_width&#8220; angled_section=&#8220;no&#8220; text_align=&#8220;center&#8220; background_image_as_pattern=&#8220;without_pattern&#8220; background_color=&#8220;#fafafa&#8220;][vc_column][qode_elements_holder number_of_columns=&#8220;two_columns&#8220;][qode_elements_holder_item item_padding=&#8220;15.5% 13% 14% 13%&#8220; advanced_animations=&#8220;no&#8220; item_padding_1024_1280=&#8220;16% 5% 14.7% 5%&#8220; item_padding_768_1024=&#8220;16% 5% 14.7% 5%&#8220; item_padding_600_768=&#8220;8% 10% 8.7% 10% &#8220; item_padding_480_600=&#8220;18% 3% 14.7% 3%&#8220; item_padding_480=&#8220;18% 3% 14.7% 3%&#8220;][vc_column_text]<\/p>\n<h2>SCHNEESCHUHWANDERN<\/h2>\n<p>[\/vc_column_text][vc_empty_space height=&#8220;49px&#8220;][vc_column_text css=&#8220;.vc_custom_1498529067604{padding-right: 10% !important;padding-left: 10% !important;}&#8220;]Eine wunderbare Art, den Wald im Winter zu erkunden, ist Schneeschuhwandern. Es gibt nichts Sch\u00f6neres als die friedliche Stille des Wanderns im Wald nach einem frischen Schneefall. Wir haben  Schneeschuhe f\u00fcr G\u00e4ste, die das Winterwunderland zu Fu\u00df erkunden m\u00f6chten.[\/vc_column_text][vc_empty_space height=&#8220;50px&#8220;][\/qode_elements_holder_item][qode_elements_holder_item background_image=&#8220;567&#8243; item_padding=&#8220;0% 0% 0% 0%&#8220; vertical_alignment=&#8220;middle&#8220; advanced_animations=&#8220;no&#8220; item_padding_1024_1280=&#8220;0% 0% 0% 0%&#8220; item_padding_768_1024=&#8220;0% 0% 0% 0%&#8220; item_padding_600_768=&#8220;35% 0% 33% 0%&#8220; item_padding_480_600=&#8220;57% 0% 98% 0%&#8220; item_padding_480=&#8220;57% 0% 98% 0%&#8220;][\/qode_elements_holder_item][\/qode_elements_holder][\/vc_column][\/vc_row][vc_row css_animation=&#8220;&#8220; row_type=&#8220;row&#8220; use_row_as_full_screen_section=&#8220;no&#8220; type=&#8220;full_width&#8220; angled_section=&#8220;no&#8220; text_align=&#8220;center&#8220; background_image_as_pattern=&#8220;without_pattern&#8220; background_color=&#8220;#fafafa&#8220;][vc_column][qode_elements_holder number_of_columns=&#8220;two_columns&#8220;][qode_elements_holder_item background_image=&#8220;701&#8243; item_padding=&#8220;0% 0% 0% 0%&#8220; vertical_alignment=&#8220;middle&#8220; advanced_animations=&#8220;no&#8220; item_padding_1024_1280=&#8220;0% 0% 0% 0%&#8220; item_padding_768_1024=&#8220;0% 0% 0% 0%&#8220; item_padding_600_768=&#8220;35% 0% 33% 0%&#8220; item_padding_480_600=&#8220;57% 0% 98% 0%&#8220; item_padding_480=&#8220;57% 0% 98% 0%&#8220;][\/qode_elements_holder_item][qode_elements_holder_item item_padding=&#8220;15.5% 13% 14% 13%&#8220; advanced_animations=&#8220;no&#8220; item_padding_1024_1280=&#8220;16% 5% 14.7% 5%&#8220; item_padding_768_1024=&#8220;16% 5% 14.7% 5%&#8220; item_padding_600_768=&#8220;8% 10% 8.7% 10% &#8220; item_padding_480_600=&#8220;18% 3% 14.7% 3%&#8220; item_padding_480=&#8220;18% 3% 14.7% 3%&#8220;][vc_column_text]<\/p>\n<h2>AKTIVIT\u00c4TEN IN DER N\u00c4HE<\/h2>\n<p>[\/vc_column_text][vc_column_text]Es gibt viele andere lokale Aktivit\u00e4ten in der Umgebung von Fairbanks, die nur eine kurze Fahrt von derA Taste of Alaska Lodge entfernt sind. Besitzer Kory hilft Ihnen gerne bei der Planung Ihres Tages und bei der Buchung von Aktivit\u00e4ten.[\/vc_column_text][vc_empty_space height=&#8220;50px&#8220;][vc_column_text css=&#8220;.vc_custom_1500030292241{padding-right: 10% !important;padding-left: 10% !important;}&#8220;]<\/p>\n<p style=\"text-align: center;\"><strong>Rods Alaska Guide Service<\/strong><br \/>\nIce Fishing and Snowmobile<br \/>\n<a class=\"autolinked\" href=\"https:\/\/www.rodsalaskanguideservice.com\/\" target=\"_blank\" rel=\"noopener noreferrer\" data-behavior=\"truncate\">www.rodsalaskanguideservice.com<\/a><\/p>\n<p>&nbsp;<\/p>\n<p style=\"text-align: center;\"><strong>Birch Hill Ski<\/strong><br \/>\nCross country skiing<br \/>\n<a class=\"autolinked\" href=\"http:\/\/fnsb.us\/pr\/Pages\/Birch-Hill%20Recreation%20Area.aspx\" target=\"_blank\" rel=\"noopener noreferrer\" data-behavior=\"truncate\">fnsb.us<\/a><\/p>\n<p style=\"text-align: center;\">Ski rentals<br \/>\n<a class=\"autolinked\" href=\"http:\/\/traxoutdoorcenter.com\/\" target=\"_blank\" rel=\"noopener noreferrer\" data-behavior=\"truncate\">traxoutdoorcenter.com<\/a><\/p>\n<p>&nbsp;<\/p>\n<p style=\"text-align: center;\"><strong>Explore Fairbanks\/ Morris Thompson Cultural Center<\/strong><br \/>\n<a class=\"autolinked\" href=\"https:\/\/www.morristhompsoncenter.org\/\" target=\"_blank\" rel=\"noopener noreferrer\" data-behavior=\"truncate\">www.morristhompsoncenter.org<\/a>\u00a0 <a class=\"autolinked\" href=\"https:\/\/www.explorefairbanks.com\/\" target=\"_blank\" rel=\"noopener noreferrer\" data-behavior=\"truncate\">www.explorefairbanks.com<\/a><\/p>\n<p>&nbsp;<\/p>\n<p style=\"text-align: center;\"><strong>Running Reindeer Ranch<\/strong><br \/>\n<a class=\"autolinked\" href=\"http:\/\/runningreindeer.com\/\" target=\"_blank\" rel=\"noopener noreferrer\" data-behavior=\"truncate\">runningreindeer.com<\/a><\/p>\n<p>&nbsp;<\/p>\n<p style=\"text-align: center;\"><strong>Museum of the North<br \/>\n<\/strong><a class=\"autolinked\" href=\"https:\/\/www.uaf.edu\/museum\/\" target=\"_blank\" rel=\"noopener noreferrer\" data-behavior=\"truncate\">www.uaf.edu\/museum\/<\/a><\/p>\n<p>&nbsp;<\/p>\n<p style=\"text-align: center;\"><strong>Northern Alaska Tour Company<\/strong><br \/>\n<a class=\"autolinked\" href=\"http:\/\/www.northernalaska.com\/\" target=\"_blank\" rel=\"noopener noreferrer\" data-behavior=\"truncate\">www.northernalaska.com<\/a><\/p>\n<p>&nbsp;<\/p>\n<p style=\"text-align: center;\"><strong>Antique Auto Museum<\/strong><br \/>\n<a class=\"autolinked\" href=\"http:\/\/www.fountainheadmuseum.com\/\" target=\"_blank\" rel=\"noopener noreferrer\" data-behavior=\"truncate\">www.fountainheadmuseum.com<\/a><\/p>\n<p>&nbsp;<\/p>\n<p style=\"text-align: center;\"><strong>Chena Hotsprings<\/strong><br \/>\n<a class=\"autolinked\" href=\"https:\/\/chenahotsprings.com\/\" target=\"_blank\" rel=\"noopener noreferrer\" data-behavior=\"truncate\">chenahotsprings.com<\/a><\/p>\n<p>[\/vc_column_text][\/qode_elements_holder_item][\/qode_elements_holder][\/vc_column][\/vc_row]<\/p>\n<\/section>","protected":false},"excerpt":{"rendered":"<p>[vc_row css_animation=&#8220;&#8220; row_type=&#8220;row&#8220; use_row_as_full_screen_section=&#8220;no&#8220; type=&#8220;grid&#8220; angled_section=&#8220;no&#8220; text_align=&#8220;center&#8220; background_image=&#8220;500&#8243; background_image_as_pattern=&#8220;without_pattern&#8220; css=&#8220;.vc_custom_1496710295325{padding-top: 0% !important;padding-bottom: 0% !important;}&#8220;][vc_column css=&#8220;.vc_custom_1496711919776{padding-top: 4% !important;padding-bottom: 4% !important;}&#8220;][vc_column_text] WINTERAKTIVIT\u00c4TEN [\/vc_column_text][\/vc_column][\/vc_row][vc_row css_animation=&#8220;&#8220; row_type=&#8220;row&#8220; use_row_as_full_screen_section=&#8220;no&#8220; type=&#8220;grid&#8220; angled_section=&#8220;no&#8220; text_align=&#8220;left&#8220; background_image_as_pattern=&#8220;without_pattern&#8220; css=&#8220;.vc_custom_1496804138560{padding-top: 4.75% !important;padding-bottom: 4.9% !important;}&#8220;][vc_column][vc_empty_space height=&#8220;54px&#8220;][vc_row_inner row_type=&#8220;row&#8220; type=&#8220;full_width&#8220; text_align=&#8220;left&#8220; css_animation=&#8220;&#8220;][vc_column_inner width=&#8220;1\/12&#8243;][\/vc_column_inner][vc_column_inner width=&#8220;5\/6&#8243;][vc_column_text] Winter ist eine spektakul\u00e4re Zeit&#8230;<\/p>\n","protected":false},"author":2,"featured_media":0,"parent":1445,"menu_order":0,"comment_status":"closed","ping_status":"closed","template":"full_width.php","meta":{"footnotes":""},"class_list":["post-1459","page","type-page","status-publish","hentry"],"_links":{"self":[{"href":"https:\/\/atasteofalaska.com\/de\/wp-json\/wp\/v2\/pages\/1459","targetHints":{"allow":["GET"]}}],"collection":[{"href":"https:\/\/atasteofalaska.com\/de\/wp-json\/wp\/v2\/pages"}],"about":[{"href":"https:\/\/atasteofalaska.com\/de\/wp-json\/wp\/v2\/types\/page"}],"author":[{"embeddable":true,"href":"https:\/\/atasteofalaska.com\/de\/wp-json\/wp\/v2\/users\/2"}],"replies":[{"embeddable":true,"href":"https:\/\/atasteofalaska.com\/de\/wp-json\/wp\/v2\/comments?post=1459"}],"version-history":[{"count":0,"href":"https:\/\/atasteofalaska.com\/de\/wp-json\/wp\/v2\/pages\/1459\/revisions"}],"up":[{"embeddable":true,"href":"https:\/\/atasteofalaska.com\/de\/wp-json\/wp\/v2\/pages\/1445"}],"wp:attachment":[{"href":"https:\/\/atasteofalaska.com\/de\/wp-json\/wp\/v2\/media?parent=1459"}],"curies":[{"name":"wp","href":"https:\/\/api.w.org\/{rel}","templated":true}]}}