{"id":1458,"date":"2018-04-04T14:02:59","date_gmt":"2018-04-04T22:02:59","guid":{"rendered":"https:\/\/atasteofalaska.com\/activities-at-the-lodge\/sommeraktivitaten\/"},"modified":"2018-04-04T14:03:04","modified_gmt":"2018-04-04T22:03:04","slug":"sommeraktivitaten","status":"publish","type":"page","link":"https:\/\/atasteofalaska.com\/de\/activities-at-the-lodge\/sommeraktivitaten\/","title":{"rendered":"SOMMERAKTIVIT\u00c4TEN"},"content":{"rendered":"<section class=\"wpb-content-wrapper\"><p>[vc_row css_animation=&#8220;&#8220; row_type=&#8220;row&#8220; use_row_as_full_screen_section=&#8220;no&#8220; type=&#8220;grid&#8220; angled_section=&#8220;no&#8220; text_align=&#8220;center&#8220; background_image=&#8220;500&#8243; background_image_as_pattern=&#8220;without_pattern&#8220; css=&#8220;.vc_custom_1496710295325{padding-top: 0% !important;padding-bottom: 0% !important;}&#8220;][vc_column css=&#8220;.vc_custom_1496711919776{padding-top: 4% !important;padding-bottom: 4% !important;}&#8220;][vc_column_text]<\/p>\n<h1><span style=\"color: #ffffff\">SOMMERAKTIVIT\u00c4TEN<\/span><\/h1>\n<p>[\/vc_column_text][\/vc_column][\/vc_row][vc_row css_animation=&#8220;&#8220; row_type=&#8220;row&#8220; use_row_as_full_screen_section=&#8220;no&#8220; type=&#8220;grid&#8220; angled_section=&#8220;no&#8220; text_align=&#8220;left&#8220; background_image_as_pattern=&#8220;without_pattern&#8220; css=&#8220;.vc_custom_1496804138560{padding-top: 4.75% !important;padding-bottom: 4.9% !important;}&#8220;][vc_column][vc_empty_space height=&#8220;54px&#8220;][vc_row_inner row_type=&#8220;row&#8220; type=&#8220;full_width&#8220; text_align=&#8220;left&#8220; css_animation=&#8220;&#8220;][vc_column_inner width=&#8220;1\/12&#8243;][\/vc_column_inner][vc_column_inner width=&#8220;5\/6&#8243;][vc_column_text]<\/p>\n<h6 style=\"text-align: center;\">Sommer in Alaska bringt mildes, komfortables Wetter und endloses Tageslicht f\u00fcr Abenteuer oder Entspannung.<\/h6>\n<p>[\/vc_column_text][\/vc_column_inner][vc_column_inner width=&#8220;1\/12&#8243;][\/vc_column_inner][\/vc_row_inner][vc_empty_space height=&#8220;54px&#8220;][\/vc_column][\/vc_row][vc_row css_animation=&#8220;&#8220; row_type=&#8220;row&#8220; use_row_as_full_screen_section=&#8220;no&#8220; type=&#8220;full_width&#8220; angled_section=&#8220;no&#8220; text_align=&#8220;center&#8220; background_image_as_pattern=&#8220;without_pattern&#8220; background_color=&#8220;#fafafa&#8220;][vc_column][qode_elements_holder number_of_columns=&#8220;two_columns&#8220;][qode_elements_holder_item item_padding=&#8220;15.5% 13% 14% 13%&#8220; advanced_animations=&#8220;no&#8220; item_padding_1024_1280=&#8220;16% 5% 14.7% 5%&#8220; item_padding_768_1024=&#8220;16% 5% 14.7% 5%&#8220; item_padding_600_768=&#8220;8% 10% 8.7% 10% &#8220; item_padding_480_600=&#8220;18% 3% 14.7% 3%&#8220; item_padding_480=&#8220;18% 3% 14.7% 3%&#8220;][vc_column_text]<\/p>\n<h2>MITTERNACHTSSONNE<\/h2>\n<p>[\/vc_column_text][vc_empty_space height=&#8220;49px&#8220;][vc_column_text css=&#8220;.vc_custom_1498528103368{padding-right: 10% !important;padding-left: 10% !important;}&#8220;]A Taste of Alaska Lodge, mit seiner N\u00e4he zum N\u00f6rdlichen Polarkreis, erlebt 20 + Stunden Tageslicht in den Sommermonaten. Die Mitternachtssonne tritt an Orten in der N\u00e4he des Polarkreises in der n\u00f6rdlichen Hemisph\u00e4re oder dem S\u00fcdlichen Polarkreis in der s\u00fcdlichen Hemisph\u00e4re auf. All dieses Tageslicht gibt den Besuchern viel Gelegenheit f\u00fcr Sommeraktivit\u00e4ten wie Wandern und Tierbeobachtungen. Es gibt definitiv genug Stunden am Tag um sich an all den gebotenen M\u00f6glichkeiten zu erfreuen.\u00a0[\/vc_column_text][vc_empty_space height=&#8220;50px&#8220;][\/qode_elements_holder_item][qode_elements_holder_item background_image=&#8220;571&#8243; item_padding=&#8220;0% 0% 0% 0%&#8220; vertical_alignment=&#8220;middle&#8220; advanced_animations=&#8220;no&#8220; item_padding_1024_1280=&#8220;0% 0% 0% 0%&#8220; item_padding_768_1024=&#8220;0% 0% 0% 0%&#8220; item_padding_600_768=&#8220;35% 0% 33% 0%&#8220; item_padding_480_600=&#8220;57% 0% 98% 0%&#8220; item_padding_480=&#8220;57% 0% 98% 0%&#8220;][\/qode_elements_holder_item][\/qode_elements_holder][\/vc_column][\/vc_row][vc_row css_animation=&#8220;&#8220; row_type=&#8220;row&#8220; use_row_as_full_screen_section=&#8220;no&#8220; type=&#8220;full_width&#8220; angled_section=&#8220;no&#8220; text_align=&#8220;center&#8220; background_image_as_pattern=&#8220;without_pattern&#8220; background_color=&#8220;#fafafa&#8220;][vc_column][qode_elements_holder number_of_columns=&#8220;two_columns&#8220;][qode_elements_holder_item background_image=&#8220;573&#8243; item_padding=&#8220;0% 0% 0% 0%&#8220; advanced_animations=&#8220;no&#8220; item_padding_1024_1280=&#8220;0% 0% 0% 0%&#8220; item_padding_768_1024=&#8220;0% 0% 0% 0%&#8220; item_padding_600_768=&#8220;35% 0% 33% 0%&#8220; item_padding_480_600=&#8220;57% 0% 98% 0%&#8220; item_padding_480=&#8220;57% 0% 98% 0%&#8220;][\/qode_elements_holder_item][qode_elements_holder_item item_padding=&#8220;15.2% 13% 14.6% 13%&#8220; advanced_animations=&#8220;no&#8220; item_padding_1024_1280=&#8220;16% 5% 14.7% 5%&#8220; item_padding_768_1024=&#8220;16% 5% 14.7% 5%&#8220; item_padding_600_768=&#8220;8% 10% 8.7% 10% &#8220; item_padding_480_600=&#8220;18% 3% 14.7% 3% &#8220; item_padding_480=&#8220;18% 3% 14.7% 3%&#8220;][vc_column_text]<\/p>\n<h2>TIERBEOBACHTUNG<\/h2>\n<p>[\/vc_column_text][vc_empty_space height=&#8220;49px&#8220;][vc_column_text css=&#8220;.vc_custom_1500030521753{padding-right: 10% !important;padding-left: 10% !important;}&#8220;]A Taste of Alaska Lodge bietet auf 280 Hektar viele Gelegenheiten zur Tierbeobachtung an. Es ist keine Seltenheit, Elche, F\u00fcchse und Kanadakraniche, oder Sandh\u00fcgelkraniche, zu sehen, sowie kleine Tiere wie Eichh\u00f6rnchen und verschiedene andere Zugv\u00f6gel. Sie k\u00f6nnen die Tierwelt beobachten, w\u00e4hrend Sie unterwegs auf einer Wanderung sind, oder sogar beim Entspannen in der Lodge wenn Sie aus dem Fenster schauen.[\/vc_column_text][vc_empty_space height=&#8220;50px&#8220;][\/qode_elements_holder_item][\/qode_elements_holder][\/vc_column][\/vc_row][vc_row css_animation=&#8220;&#8220; row_type=&#8220;row&#8220; use_row_as_full_screen_section=&#8220;no&#8220; type=&#8220;full_width&#8220; angled_section=&#8220;no&#8220; text_align=&#8220;center&#8220; background_image_as_pattern=&#8220;without_pattern&#8220; background_color=&#8220;#fafafa&#8220;][vc_column][qode_elements_holder number_of_columns=&#8220;two_columns&#8220;][qode_elements_holder_item item_padding=&#8220;15.5% 13% 14% 13%&#8220; advanced_animations=&#8220;no&#8220; item_padding_1024_1280=&#8220;16% 5% 14.7% 5%&#8220; item_padding_768_1024=&#8220;16% 5% 14.7% 5%&#8220; item_padding_600_768=&#8220;8% 10% 8.7% 10% &#8220; item_padding_480_600=&#8220;18% 3% 14.7% 3%&#8220; item_padding_480=&#8220;18% 3% 14.7% 3%&#8220;][vc_column_text]<\/p>\n<h2>WANDERN<\/h2>\n<p>[\/vc_column_text][vc_empty_space height=&#8220;49px&#8220;][vc_column_text css=&#8220;.vc_custom_1498528281157{padding-right: 10% !important;padding-left: 10% !important;}&#8220;]Die G\u00e4ste k\u00f6nnen auf dem gesamten das Grundst\u00fcck der Lodge Wandern. Die 280 Hektar mit ihrem lauschigen und wundersch\u00f6nen Birken- und Fichtenwald laden zur Erkundung ein. Es stehen vier verschiedene Wanderwege zur Auswahl, alle sind benannt und markiert.[\/vc_column_text][vc_empty_space height=&#8220;50px&#8220;][\/qode_elements_holder_item][qode_elements_holder_item background_image=&#8220;1400&#8243; item_padding=&#8220;0% 0% 0% 0%&#8220; vertical_alignment=&#8220;middle&#8220; advanced_animations=&#8220;no&#8220; item_padding_1024_1280=&#8220;0% 0% 0% 0%&#8220; item_padding_768_1024=&#8220;0% 0% 0% 0%&#8220; item_padding_600_768=&#8220;35% 0% 33% 0%&#8220; item_padding_480_600=&#8220;57% 0% 98% 0%&#8220; item_padding_480=&#8220;57% 0% 98% 0%&#8220;][\/qode_elements_holder_item][\/qode_elements_holder][\/vc_column][\/vc_row][vc_row css_animation=&#8220;&#8220; row_type=&#8220;row&#8220; use_row_as_full_screen_section=&#8220;no&#8220; type=&#8220;full_width&#8220; angled_section=&#8220;no&#8220; text_align=&#8220;center&#8220; background_image_as_pattern=&#8220;without_pattern&#8220; background_color=&#8220;#fafafa&#8220;][vc_column][qode_elements_holder number_of_columns=&#8220;two_columns&#8220;][qode_elements_holder_item background_image=&#8220;572&#8243; item_padding=&#8220;0% 0% 0% 0%&#8220; advanced_animations=&#8220;no&#8220; item_padding_1024_1280=&#8220;0% 0% 0% 0%&#8220; item_padding_768_1024=&#8220;0% 0% 0% 0%&#8220; item_padding_600_768=&#8220;35% 0% 33% 0%&#8220; item_padding_480_600=&#8220;57% 0% 98% 0%&#8220; item_padding_480=&#8220;57% 0% 98% 0%&#8220;][\/qode_elements_holder_item][qode_elements_holder_item item_padding=&#8220;15.2% 13% 14.6% 13%&#8220; advanced_animations=&#8220;no&#8220; item_padding_1024_1280=&#8220;16% 5% 14.7% 5%&#8220; item_padding_768_1024=&#8220;16% 5% 14.7% 5%&#8220; item_padding_600_768=&#8220;8% 10% 8.7% 10% &#8220; item_padding_480_600=&#8220;18% 3% 14.7% 3% &#8220; item_padding_480=&#8220;18% 3% 14.7% 3%&#8220;][vc_column_text]<\/p>\n<h2>DER TEICH<\/h2>\n<p>[\/vc_column_text][vc_empty_space height=&#8220;49px&#8220;][vc_column_text css=&#8220;.vc_custom_1498528336229{padding-right: 10% !important;padding-left: 10% !important;}&#8220;]Die Besucher entspannen sich nach dem Abendessen oder einem spannenden Abenteuer gern Teich. Der 50.000-Gallonen-Teich ist auch ein beliebter Treffpunkt f\u00fcr Wildtiere, vor allem Elche. In der Tat musste die urspr\u00fcngliche Teichfolie im Jahr 2004 durch eine haltbarere wegen Sch\u00e4den durch Elchhufe ersetzt werden! Der Teich ist  in den Sommermonaten mit Goldfischen best\u00fcckt und ist von wundersch\u00f6nen alaskischen Wildblumen und antiken Bergbau Dekor umgeben.[\/vc_column_text][vc_empty_space height=&#8220;50px&#8220;][\/qode_elements_holder_item][\/qode_elements_holder][\/vc_column][\/vc_row][vc_row css_animation=&#8220;&#8220; row_type=&#8220;row&#8220; use_row_as_full_screen_section=&#8220;no&#8220; type=&#8220;full_width&#8220; angled_section=&#8220;no&#8220; text_align=&#8220;center&#8220; background_image_as_pattern=&#8220;without_pattern&#8220; background_color=&#8220;#fafafa&#8220;][vc_column][qode_elements_holder number_of_columns=&#8220;two_columns&#8220;][qode_elements_holder_item item_padding=&#8220;15.5% 13% 14% 13%&#8220; advanced_animations=&#8220;no&#8220; item_padding_1024_1280=&#8220;16% 5% 14.7% 5%&#8220; item_padding_768_1024=&#8220;16% 5% 14.7% 5%&#8220; item_padding_600_768=&#8220;8% 10% 8.7% 10% &#8220; item_padding_480_600=&#8220;18% 3% 14.7% 3%&#8220; item_padding_480=&#8220;18% 3% 14.7% 3%&#8220;][vc_column_text]<\/p>\n<h2>GARTEN &amp; WILDBLUMEN<\/h2>\n<p>[\/vc_column_text][vc_empty_space height=&#8220;49px&#8220;][vc_column_text css=&#8220;.vc_custom_1498528365925{padding-right: 10% !important;padding-left: 10% !important;}&#8220;]Die Eberhardts bauen immer noch Heu und Gem\u00fcse w\u00e4hrend der Sommermonate an, eine Tradition, die seit den 1940er Jahren fortgesetzt wurde. Und das Grundst\u00fcck rund um die  A Taste of Alaska Lodge ist w\u00e4hrend der Sommermonate mit vielen bunten Wildblumen \u00fcbers\u00e4t.[\/vc_column_text][vc_empty_space height=&#8220;50px&#8220;][\/qode_elements_holder_item][qode_elements_holder_item background_image=&#8220;570&#8243; item_padding=&#8220;0% 0% 0% 0%&#8220; vertical_alignment=&#8220;middle&#8220; advanced_animations=&#8220;no&#8220; item_padding_1024_1280=&#8220;0% 0% 0% 0%&#8220; item_padding_768_1024=&#8220;0% 0% 0% 0%&#8220; item_padding_600_768=&#8220;35% 0% 33% 0%&#8220; item_padding_480_600=&#8220;57% 0% 98% 0%&#8220; item_padding_480=&#8220;57% 0% 98% 0%&#8220;][\/qode_elements_holder_item][\/qode_elements_holder][\/vc_column][\/vc_row][vc_row css_animation=&#8220;&#8220; row_type=&#8220;row&#8220; use_row_as_full_screen_section=&#8220;no&#8220; type=&#8220;full_width&#8220; angled_section=&#8220;no&#8220; text_align=&#8220;center&#8220; background_image_as_pattern=&#8220;without_pattern&#8220; background_color=&#8220;#fafafa&#8220;][vc_column][qode_elements_holder number_of_columns=&#8220;two_columns&#8220;][qode_elements_holder_item background_image=&#8220;701&#8243; item_padding=&#8220;0% 0% 0% 0%&#8220; advanced_animations=&#8220;no&#8220; item_padding_1024_1280=&#8220;0% 0% 0% 0%&#8220; item_padding_768_1024=&#8220;0% 0% 0% 0%&#8220; item_padding_600_768=&#8220;35% 0% 33% 0%&#8220; item_padding_480_600=&#8220;57% 0% 98% 0%&#8220; item_padding_480=&#8220;57% 0% 98% 0%&#8220;][\/qode_elements_holder_item][qode_elements_holder_item item_padding=&#8220;15.2% 13% 14.6% 13%&#8220; advanced_animations=&#8220;no&#8220; item_padding_1024_1280=&#8220;16% 5% 14.7% 5%&#8220; item_padding_768_1024=&#8220;16% 5% 14.7% 5%&#8220; item_padding_600_768=&#8220;8% 10% 8.7% 10% &#8220; item_padding_480_600=&#8220;18% 3% 14.7% 3% &#8220; item_padding_480=&#8220;18% 3% 14.7% 3%&#8220;][vc_column_text]<\/p>\n<h2>AKTIVIT\u00c4TEN IN DER N\u00c4HE<\/h2>\n<p>[\/vc_column_text][vc_empty_space][vc_column_text]Viele andere lokale Aktivit\u00e4ten werden in der Umgebung von Fairbanks angeboten, die nur eine kurze Fahrt von der A Taste of Alaska Lodge entfernt sind. Besitzer Kory hilft Ihnen gerne bei der Planung Ihres Tages und bei der Buchung von Aktivit\u00e4ten.[\/vc_column_text][vc_empty_space height=&#8220;49px&#8220;][vc_column_text css=&#8220;.vc_custom_1500031169024{padding-right: 10% !important;padding-left: 10% !important;}&#8220;]<\/p>\n<p style=\"text-align: center;\"><strong>Paws for Adventure<br \/>\n<\/strong><a class=\"autolinked\" href=\"http:\/\/www.pawsforadventure.com\/\" target=\"_blank\" rel=\"noopener noreferrer\" data-behavior=\"truncate\">www.pawsforadventure.com<\/a><\/p>\n<p>&nbsp;<\/p>\n<p style=\"text-align: center;\"><strong>Explore Fairbanks \/ Morris Thompson Cultural Center &amp; Visitor Center<br \/>\n<\/strong><a class=\"autolinked\" href=\"https:\/\/www.morristhompsoncenter.org\/\" target=\"_blank\" rel=\"noopener noreferrer\" data-behavior=\"truncate\">www.morristhompsoncenter.org<\/a>\u00a0 <a class=\"autolinked\" href=\"https:\/\/www.explorefairbanks.com\/\" target=\"_blank\" rel=\"noopener noreferrer\" data-behavior=\"truncate\">www.explorefairbanks.com<\/a><\/p>\n<p>&nbsp;<\/p>\n<p style=\"text-align: center;\"><strong>Running Reindeer Ranch<br \/>\n<\/strong><a class=\"autolinked\" href=\"http:\/\/runningreindeer.com\/\" target=\"_blank\" rel=\"noopener noreferrer\" data-behavior=\"truncate\">runningreindeer.com<\/a><\/p>\n<p>&nbsp;<\/p>\n<p style=\"text-align: center;\"><strong>Museum of the North<br \/>\n<\/strong><a class=\"autolinked\" href=\"https:\/\/www.uaf.edu\/museum\/\" target=\"_blank\" rel=\"noopener noreferrer\" data-behavior=\"truncate\">www.uaf.edu\/museum<\/a><\/p>\n<p>&nbsp;<\/p>\n<p style=\"text-align: center;\"><strong>Northern Alaska Tour Company<br \/>\n<\/strong><a class=\"autolinked\" href=\"http:\/\/www.northernalaska.com\/\" target=\"_blank\" rel=\"noopener noreferrer\" data-behavior=\"truncate\">www.northernalaska.com<\/a><\/p>\n<p>&nbsp;<\/p>\n<p style=\"text-align: center;\"><strong>Antique Auto Museum<br \/>\n<\/strong><a class=\"autolinked\" href=\"http:\/\/www.fountainheadmuseum.com\/\" target=\"_blank\" rel=\"noopener noreferrer\" data-behavior=\"truncate\">www.fountainheadmuseum.com<\/a><\/p>\n<p>&nbsp;<\/p>\n<p style=\"text-align: center;\"><strong>Chena Hotsprings<br \/>\n<\/strong><a class=\"autolinked\" href=\"https:\/\/chenahotsprings.com\/\" target=\"_blank\" rel=\"noopener noreferrer\" data-behavior=\"truncate\">chenahotsprings.com<\/a><\/p>\n<p>&nbsp;<\/p>\n<p style=\"text-align: center;\"><strong>Angel Rocks Hiking Trail<br \/>\n<\/strong><a class=\"autolinked\" href=\"http:\/\/www.alaska.org\/detail\/angel-rocks-trailhead\" target=\"_blank\" rel=\"noopener noreferrer\" data-behavior=\"truncate\">www.alaska.org\/angel-rocks-trailhead<\/a><\/p>\n<p>&nbsp;<\/p>\n<p style=\"text-align: center;\"><strong>Gold Daughters &#8211; Gold Panning<br \/>\n<\/strong><a class=\"autolinked\" href=\"http:\/\/golddaughters.com\/\" target=\"_blank\" rel=\"noopener noreferrer\" data-behavior=\"truncate\">golddaughters.com<\/a><\/p>\n<p>[\/vc_column_text][vc_empty_space height=&#8220;50px&#8220;][\/qode_elements_holder_item][\/qode_elements_holder][\/vc_column][\/vc_row]<\/p>\n<\/section>","protected":false},"excerpt":{"rendered":"<p>[vc_row css_animation=&#8220;&#8220; row_type=&#8220;row&#8220; use_row_as_full_screen_section=&#8220;no&#8220; type=&#8220;grid&#8220; angled_section=&#8220;no&#8220; text_align=&#8220;center&#8220; background_image=&#8220;500&#8243; background_image_as_pattern=&#8220;without_pattern&#8220; css=&#8220;.vc_custom_1496710295325{padding-top: 0% !important;padding-bottom: 0% !important;}&#8220;][vc_column css=&#8220;.vc_custom_1496711919776{padding-top: 4% !important;padding-bottom: 4% !important;}&#8220;][vc_column_text] SOMMERAKTIVIT\u00c4TEN [\/vc_column_text][\/vc_column][\/vc_row][vc_row css_animation=&#8220;&#8220; row_type=&#8220;row&#8220; use_row_as_full_screen_section=&#8220;no&#8220; type=&#8220;grid&#8220; angled_section=&#8220;no&#8220; text_align=&#8220;left&#8220; background_image_as_pattern=&#8220;without_pattern&#8220; css=&#8220;.vc_custom_1496804138560{padding-top: 4.75% !important;padding-bottom: 4.9% !important;}&#8220;][vc_column][vc_empty_space height=&#8220;54px&#8220;][vc_row_inner row_type=&#8220;row&#8220; type=&#8220;full_width&#8220; text_align=&#8220;left&#8220; css_animation=&#8220;&#8220;][vc_column_inner width=&#8220;1\/12&#8243;][\/vc_column_inner][vc_column_inner width=&#8220;5\/6&#8243;][vc_column_text] Sommer in Alaska bringt mildes,&#8230;<\/p>\n","protected":false},"author":2,"featured_media":0,"parent":1445,"menu_order":0,"comment_status":"closed","ping_status":"closed","template":"full_width.php","meta":{"footnotes":""},"class_list":["post-1458","page","type-page","status-publish","hentry"],"_links":{"self":[{"href":"https:\/\/atasteofalaska.com\/de\/wp-json\/wp\/v2\/pages\/1458","targetHints":{"allow":["GET"]}}],"collection":[{"href":"https:\/\/atasteofalaska.com\/de\/wp-json\/wp\/v2\/pages"}],"about":[{"href":"https:\/\/atasteofalaska.com\/de\/wp-json\/wp\/v2\/types\/page"}],"author":[{"embeddable":true,"href":"https:\/\/atasteofalaska.com\/de\/wp-json\/wp\/v2\/users\/2"}],"replies":[{"embeddable":true,"href":"https:\/\/atasteofalaska.com\/de\/wp-json\/wp\/v2\/comments?post=1458"}],"version-history":[{"count":0,"href":"https:\/\/atasteofalaska.com\/de\/wp-json\/wp\/v2\/pages\/1458\/revisions"}],"up":[{"embeddable":true,"href":"https:\/\/atasteofalaska.com\/de\/wp-json\/wp\/v2\/pages\/1445"}],"wp:attachment":[{"href":"https:\/\/atasteofalaska.com\/de\/wp-json\/wp\/v2\/media?parent=1458"}],"curies":[{"name":"wp","href":"https:\/\/api.w.org\/{rel}","templated":true}]}}