{"id":1455,"date":"2018-04-04T13:57:05","date_gmt":"2018-04-04T21:57:05","guid":{"rendered":"https:\/\/atasteofalaska.com\/unterkunfte\/das-cottage\/"},"modified":"2018-05-19T21:46:33","modified_gmt":"2018-05-20T05:46:33","slug":"das-cottage","status":"publish","type":"page","link":"https:\/\/atasteofalaska.com\/de\/unterkunfte\/das-cottage\/","title":{"rendered":"Das Cottage"},"content":{"rendered":"<section class=\"wpb-content-wrapper\"><p>[vc_row css_animation=&#8220;&#8220; row_type=&#8220;row&#8220; use_row_as_full_screen_section=&#8220;no&#8220; type=&#8220;grid&#8220; angled_section=&#8220;no&#8220; text_align=&#8220;center&#8220; background_image=&#8220;500&#8243; background_image_as_pattern=&#8220;without_pattern&#8220; css=&#8220;.vc_custom_1496710295325{padding-top: 0% !important;padding-bottom: 0% !important;}&#8220;][vc_column css=&#8220;.vc_custom_1496711919776{padding-top: 4% !important;padding-bottom: 4% !important;}&#8220;][vc_column_text]<\/p>\n<h2><span style=\"color: #ffffff;\">Das Cottage<\/span><\/h2>\n<p>[\/vc_column_text][\/vc_column][\/vc_row][vc_row css_animation=&#8220;&#8220; row_type=&#8220;row&#8220; use_row_as_full_screen_section=&#8220;no&#8220; type=&#8220;grid&#8220; angled_section=&#8220;no&#8220; text_align=&#8220;left&#8220; background_image_as_pattern=&#8220;without_pattern&#8220; css=&#8220;.vc_custom_1497236906856{padding-top: 4.9% !important;padding-bottom: 4.75% !important;}&#8220;][vc_column][vc_empty_space][vc_row_inner row_type=&#8220;row&#8220; type=&#8220;full_width&#8220; text_align=&#8220;left&#8220; css_animation=&#8220;&#8220;][vc_column_inner width=&#8220;2\/3&#8243;]<div class='qode_image_gallery_no_space light'><div class='qode_image_gallery_holder' style='height: 600px;'><ul  ><li  ><div style=\"height: 600px; width:904px;\"><img decoding=\"async\" itemprop=\"image\" src=\"https:\/\/atasteofalaska.com\/wp-content\/uploads\/2017\/05\/cottage-exterior.jpg\" alt=\"\" \/><\/div><\/li><li  ><div style=\"height: 600px; width:900px;\"><img decoding=\"async\" itemprop=\"image\" src=\"https:\/\/atasteofalaska.com\/wp-content\/uploads\/2017\/05\/Taste-of-AK42.jpg\" alt=\"\" \/><\/div><\/li><li  ><div style=\"height: 600px; width:904px;\"><img decoding=\"async\" itemprop=\"image\" src=\"https:\/\/atasteofalaska.com\/wp-content\/uploads\/2017\/06\/cottage-bedroom.jpg\" alt=\"Cottage Bedroom at Fairbanks Alaska Lodging - A Taste of Alaska Lodge\" \/><\/div><\/li><li  ><div style=\"height: 600px; width:904px;\"><img decoding=\"async\" itemprop=\"image\" src=\"https:\/\/atasteofalaska.com\/wp-content\/uploads\/2017\/05\/cottage-detail-1.jpg\" alt=\"Wood Carving in the Cottage at Fairbanks Alaska Lodging - A Taste of Alaska Lodge\" \/><\/div><\/li><li  ><div style=\"height: 600px; width:904px;\"><img decoding=\"async\" itemprop=\"image\" src=\"https:\/\/atasteofalaska.com\/wp-content\/uploads\/2017\/05\/cottage-living.jpg\" alt=\"Unique Cottage Decor at Fairbanks Alaska Lodging - A Taste of Alaska Lodge\" \/><\/div><\/li><li  ><div style=\"height: 600px; width:904px;\"><img decoding=\"async\" itemprop=\"image\" src=\"https:\/\/atasteofalaska.com\/wp-content\/uploads\/2017\/06\/cottage-detail.jpg\" alt=\"Antiques at Fairbanks Alaska Lodging - A Taste of Alaska Lodge\" \/><\/div><\/li><li  ><div style=\"height: 600px; width:904px;\"><img decoding=\"async\" itemprop=\"image\" src=\"https:\/\/atasteofalaska.com\/wp-content\/uploads\/2017\/06\/cottage-kitchen.jpg\" alt=\"Fully Equipped Kitchen in the Cottage at Fairbanks Alaska Lodging - A Taste of Alaska Lodge\" \/><\/div><\/li><li  ><div style=\"height: 600px; width:904px;\"><img decoding=\"async\" itemprop=\"image\" src=\"https:\/\/atasteofalaska.com\/wp-content\/uploads\/2017\/06\/cottage-bathroom.jpg\" alt=\"Cottage Bathroom at Fairbanks Alaska Lodging - A Taste of Alaska Lodge\" \/><\/div><\/li><\/ul><\/div><div class=\"controls\"><a class=\"prev-slide\" href=\"#\"><span><i class=\"fa fa-angle-left\"><\/i><\/span><\/a><a class=\"next-slide\" href=\"#\"><span><i class=\"fa fa-angle-right\"><\/i><\/span><\/a><\/div><\/div>[vc_empty_space height=&#8220;48px&#8220;][vc_column_text]<\/p>\n<h3>Genie\u00dfen Sie Privatsph\u00e4re im Cottage.<\/h3>\n<p>[\/vc_column_text][vc_empty_space height=&#8220;28px&#8220;][vc_column_text]Es ist ein einzigartiger Ort, der jede andere Unterkunft in Fairbanks, Alaska in den Schatten stellt. Das Cottage verf\u00fcgt \u00fcber charmante Antiquit\u00e4ten und Sammlerst\u00fccke, sowie allem modernen Komfort und Annehmlichkeiten.<\/p>\n<p>&nbsp;<\/p>\n<p>Genie\u00dfen Sie das Grillen auf der Veranda w\u00e4hrend der langen  Sommerabende oder Betrachten Sie die Aurora Borealis im Winter. Der elektrische Kamin ist perfekt, um es drinnen warm und gem\u00fctlich zu machen, und das grosse Kingsize-Bett sorgt mit Sicherheit f\u00fcr einen guten Schlaf.<\/p>\n<p>&nbsp;<\/p>\n<p>Das Cottage, fr\u00fcher bekannt als der Anbau, wurde 1984 urspr\u00fcnglich von Kory&#8217;s Dad, Dave, als Holzschuppen gebaut.  Und 1992 wurde es dann um-und ausgebaut und in die A Taste of Alaska Lodge eingegliedert. Das Cottage ist sehr beliebt bei Paaren. Die Besucher genie\u00dfen den Komfort und die Privatsph\u00e4re.[\/vc_column_text][\/vc_column_inner][vc_column_inner width=&#8220;1\/3&#8243; css=&#8220;.vc_custom_1497237194624{padding-left: 10% !important;}&#8220;][vc_empty_space height=&#8220;48px&#8220;]<a  itemprop=\"url\" href=\"https:\/\/atasteofalaska.com\/de\/book\/\" target=\"_self\"  class=\"qbutton  big_large center default\" style=\"\">DAS COTTAGE BUCHEN<\/a>[vc_empty_space height=&#8220;48px&#8220;][vc_column_text]<\/p>\n<h4>Cottage Ausstattung<\/h4>\n<p>[\/vc_column_text][vc_empty_space height=&#8220;18px&#8220;][vc_column_text]<\/p>\n<ul>\n<li>Fr\u00fchst\u00fcck<\/li>\n<li>Lokale Fernsehsender<\/li>\n<li>4G LTE Telefonempfang<\/li>\n<li>1 Kingsize-Bett<\/li>\n<li>Bad<\/li>\n<li>W-lan\/WiFi<\/li>\n<li>Wohnzimmer<\/li>\n<li>Essbereich<\/li>\n<li>Kochm\u00f6glichkeit<\/li>\n<\/ul>\n<p>[\/vc_column_text][vc_empty_space height=&#8220;48px&#8220;][vc_column_text]<\/p>\n<h4>Preis f\u00fcr das Cottage<\/h4>\n<p>[\/vc_column_text][vc_empty_space height=&#8220;18px&#8220;][vc_column_text]<strong>2 Personen Reservierung:<\/strong><br \/>\nPro Nacht: $ 255.00 *[\/vc_column_text][\/vc_column_inner][\/vc_row_inner][vc_empty_space height=&#8220;48px&#8220;][\/vc_column][\/vc_row]<\/p>\n<\/section>","protected":false},"excerpt":{"rendered":"<p>[vc_row css_animation=&#8220;&#8220; row_type=&#8220;row&#8220; use_row_as_full_screen_section=&#8220;no&#8220; type=&#8220;grid&#8220; angled_section=&#8220;no&#8220; text_align=&#8220;center&#8220; background_image=&#8220;500&#8243; background_image_as_pattern=&#8220;without_pattern&#8220; css=&#8220;.vc_custom_1496710295325{padding-top: 0% !important;padding-bottom: 0% !important;}&#8220;][vc_column css=&#8220;.vc_custom_1496711919776{padding-top: 4% !important;padding-bottom: 4% !important;}&#8220;][vc_column_text] Das Cottage [\/vc_column_text][\/vc_column][\/vc_row][vc_row css_animation=&#8220;&#8220; row_type=&#8220;row&#8220; use_row_as_full_screen_section=&#8220;no&#8220; type=&#8220;grid&#8220; angled_section=&#8220;no&#8220; text_align=&#8220;left&#8220; background_image_as_pattern=&#8220;without_pattern&#8220; css=&#8220;.vc_custom_1497236906856{padding-top: 4.9% !important;padding-bottom: 4.75% !important;}&#8220;][vc_column][vc_empty_space][vc_row_inner row_type=&#8220;row&#8220; type=&#8220;full_width&#8220; text_align=&#8220;left&#8220; css_animation=&#8220;&#8220;][vc_column_inner width=&#8220;2\/3&#8243;][vc_empty_space height=&#8220;48px&#8220;][vc_column_text] Genie\u00dfen Sie Privatsph\u00e4re im Cottage&#8230;.<\/p>\n","protected":false},"author":2,"featured_media":0,"parent":1451,"menu_order":0,"comment_status":"closed","ping_status":"closed","template":"full_width.php","meta":{"footnotes":""},"class_list":["post-1455","page","type-page","status-publish","hentry"],"_links":{"self":[{"href":"https:\/\/atasteofalaska.com\/de\/wp-json\/wp\/v2\/pages\/1455","targetHints":{"allow":["GET"]}}],"collection":[{"href":"https:\/\/atasteofalaska.com\/de\/wp-json\/wp\/v2\/pages"}],"about":[{"href":"https:\/\/atasteofalaska.com\/de\/wp-json\/wp\/v2\/types\/page"}],"author":[{"embeddable":true,"href":"https:\/\/atasteofalaska.com\/de\/wp-json\/wp\/v2\/users\/2"}],"replies":[{"embeddable":true,"href":"https:\/\/atasteofalaska.com\/de\/wp-json\/wp\/v2\/comments?post=1455"}],"version-history":[{"count":0,"href":"https:\/\/atasteofalaska.com\/de\/wp-json\/wp\/v2\/pages\/1455\/revisions"}],"up":[{"embeddable":true,"href":"https:\/\/atasteofalaska.com\/de\/wp-json\/wp\/v2\/pages\/1451"}],"wp:attachment":[{"href":"https:\/\/atasteofalaska.com\/de\/wp-json\/wp\/v2\/media?parent=1455"}],"curies":[{"name":"wp","href":"https:\/\/api.w.org\/{rel}","templated":true}]}}