{"id":1454,"date":"2018-04-04T13:55:58","date_gmt":"2018-04-04T21:55:58","guid":{"rendered":"https:\/\/atasteofalaska.com\/unterkunfte\/ein-zimmer-im-haupthaus-main-lodge-room\/"},"modified":"2018-05-19T21:11:20","modified_gmt":"2018-05-20T05:11:20","slug":"ein-zimmer-im-haupthaus-main-lodge-room","status":"publish","type":"page","link":"https:\/\/atasteofalaska.com\/de\/unterkunfte\/ein-zimmer-im-haupthaus-main-lodge-room\/","title":{"rendered":"Ein Zimmer im Haupthaus (Main Lodge Room)"},"content":{"rendered":"<section class=\"wpb-content-wrapper\"><p>[vc_row css_animation=&#8220;&#8220; row_type=&#8220;row&#8220; use_row_as_full_screen_section=&#8220;no&#8220; type=&#8220;grid&#8220; angled_section=&#8220;no&#8220; text_align=&#8220;center&#8220; background_image=&#8220;500&#8243; background_image_as_pattern=&#8220;without_pattern&#8220; css=&#8220;.vc_custom_1496710295325{padding-top: 0% !important;padding-bottom: 0% !important;}&#8220;][vc_column css=&#8220;.vc_custom_1496711919776{padding-top: 4% !important;padding-bottom: 4% !important;}&#8220;][vc_column_text]<\/p>\n<h2><span style=\"color: #ffffff;\">Ein Zimmer im Haupthaus (Main Lodge Room)<\/span><\/h2>\n<p>[\/vc_column_text][\/vc_column][\/vc_row][vc_row css_animation=&#8220;&#8220; row_type=&#8220;row&#8220; use_row_as_full_screen_section=&#8220;no&#8220; type=&#8220;grid&#8220; angled_section=&#8220;no&#8220; text_align=&#8220;left&#8220; background_image_as_pattern=&#8220;without_pattern&#8220; css=&#8220;.vc_custom_1497236906856{padding-top: 4.9% !important;padding-bottom: 4.75% !important;}&#8220;][vc_column][vc_empty_space][vc_row_inner row_type=&#8220;row&#8220; type=&#8220;full_width&#8220; text_align=&#8220;left&#8220; css_animation=&#8220;&#8220;][vc_column_inner width=&#8220;2\/3&#8243;]<div class='qode_image_gallery_no_space light'><div class='qode_image_gallery_holder' style='height: 600px;'><ul  ><li  ><div style=\"height: 600px; width:904px;\"><img decoding=\"async\" itemprop=\"image\" src=\"https:\/\/atasteofalaska.com\/wp-content\/uploads\/2017\/06\/room-bed-1.jpg\" alt=\"Private Lodge Room Bedroom at A Taste of Alaska Bed and Breakfast Fairbanks\" \/><\/div><\/li><li  ><div style=\"height: 600px; width:904px;\"><img decoding=\"async\" itemprop=\"image\" src=\"https:\/\/atasteofalaska.com\/wp-content\/uploads\/2017\/06\/room-detail.jpg\" alt=\"Antiques in a Private Lodge Room at A Taste of Alaska Bed and Breakfast Fairbanks\" \/><\/div><\/li><li  ><div style=\"height: 600px; width:904px;\"><img decoding=\"async\" itemprop=\"image\" src=\"https:\/\/atasteofalaska.com\/wp-content\/uploads\/2017\/06\/room-bed-2.jpg\" alt=\"Private Lodge Room Beds at A Taste of Alaska Bed and Breakfast Fairbanks\" \/><\/div><\/li><li  ><div style=\"height: 600px; width:904px;\"><img decoding=\"async\" itemprop=\"image\" src=\"https:\/\/atasteofalaska.com\/wp-content\/uploads\/2017\/06\/room-chairs.jpg\" alt=\"Private Lodge Room relaxing area at A Taste of Alaska Bed and Breakfast Fairbanks\" \/><\/div><\/li><li  ><div style=\"height: 600px; width:904px;\"><img decoding=\"async\" itemprop=\"image\" src=\"https:\/\/atasteofalaska.com\/wp-content\/uploads\/2017\/06\/room-bathroom.jpg\" alt=\"Bathroom in a Private Lodge Room - A Taste of Alaska Bed and Breakfast Fairbanks\" \/><\/div><\/li><\/ul><\/div><div class=\"controls\"><a class=\"prev-slide\" href=\"#\"><span><i class=\"fa fa-angle-left\"><\/i><\/span><\/a><a class=\"next-slide\" href=\"#\"><span><i class=\"fa fa-angle-right\"><\/i><\/span><\/a><\/div><\/div>[vc_empty_space height=&#8220;48px&#8220;][vc_column_text]<\/p>\n<h3><strong>Die Zimmer des Haupthauses bieten eine herrliche Aussicht.<\/strong><\/h3>\n<p>[\/vc_column_text][vc_empty_space height=&#8220;28px&#8220;][vc_column_text]<\/p>\n<p style=\"text-align: left;\">Die privaten Zimmer im Haupthaus sind gem\u00fctlich und komfortabel f\u00fcr zwei bis vier G\u00e4ste.<\/p>\n<p>&nbsp;<\/p>\n<p style=\"text-align: left;\"> Die Zimmer sind mit speziellen Andenken und Sammlerst\u00fccken geschm\u00fcckt, und die Betten sind mit handgefertigten Quilts bedeckt. Die Fenster bieten einen herrlichen Blick auf Wildnis um Fairbanks.<\/p>\n<p>&nbsp;<\/p>\n<p style=\"text-align: left;\">Die G\u00e4ste haben einen eigenen, privaten Eingang zu ihrem Zimmer, dass macht es einfach, die Nordlichter zu beobachten. Wachen Sie auf und genie\u00dfen Sie ein gro\u00dfartiges Fr\u00fchst\u00fcck im Esszimmer des Haupthauses im wahren alaskischen Fr\u00fchst\u00fcckspension\u2019s Stil.<\/p>\n<p>[\/vc_column_text][\/vc_column_inner][vc_column_inner width=&#8220;1\/3&#8243; css=&#8220;.vc_custom_1497237194624{padding-left: 10% !important;}&#8220;][vc_empty_space height=&#8220;48px&#8220;]<a  itemprop=\"url\" href=\"https:\/\/atasteofalaska.com\/de\/buchen\/\" target=\"_self\"  class=\"qbutton  big_large default\" style=\"\">UNTERKUNFT BUCHEN<\/a>[vc_empty_space height=&#8220;48px&#8220;][vc_column_text]<\/p>\n<h4>Ausstattung eines Zimmers im Haupthaus<\/h4>\n<p>[\/vc_column_text][vc_empty_space height=&#8220;18px&#8220;][vc_column_text]<\/p>\n<ul>\n<li>Fr\u00fchst\u00fcck<\/li>\n<li class=\"li1\"><span class=\"s2\">Lokale Fernsehsender<\/span><\/li>\n<li class=\"li1\"><span class=\"s2\">4G LTE Telefonempfang<\/span><\/li>\n<li>2 Queen-Betten<\/li>\n<li>Privates Badezimmer<\/li>\n<li>W-lan\/WiFi<\/li>\n<li>Spektakul\u00e4re Aussicht<\/li>\n<li>Separater privater Eingang<\/li>\n<li>Handgefertigte Quilts<\/li>\n<\/ul>\n<p>[\/vc_column_text][vc_empty_space height=&#8220;48px&#8220;][vc_column_text]<\/p>\n<h4>Preise f\u00fcr ein Zimmer im Haupthaus<\/h4>\n<p>[\/vc_column_text][vc_empty_space height=&#8220;18px&#8220;][vc_column_text]<strong>2 Personen Reservierung:<\/strong><br \/>\nPro Nacht: $ 195.00<br \/>\n<em>(Jede weitere Person \u00fcber 5: $ 35,00)<\/em>[\/vc_column_text][\/vc_column_inner][\/vc_row_inner][vc_empty_space height=&#8220;48px&#8220;][\/vc_column][\/vc_row]<\/p>\n<\/section>","protected":false},"excerpt":{"rendered":"<p>[vc_row css_animation=&#8220;&#8220; row_type=&#8220;row&#8220; use_row_as_full_screen_section=&#8220;no&#8220; type=&#8220;grid&#8220; angled_section=&#8220;no&#8220; text_align=&#8220;center&#8220; background_image=&#8220;500&#8243; background_image_as_pattern=&#8220;without_pattern&#8220; css=&#8220;.vc_custom_1496710295325{padding-top: 0% !important;padding-bottom: 0% !important;}&#8220;][vc_column css=&#8220;.vc_custom_1496711919776{padding-top: 4% !important;padding-bottom: 4% !important;}&#8220;][vc_column_text] Ein Zimmer im Haupthaus (Main Lodge Room) [\/vc_column_text][\/vc_column][\/vc_row][vc_row css_animation=&#8220;&#8220; row_type=&#8220;row&#8220; use_row_as_full_screen_section=&#8220;no&#8220; type=&#8220;grid&#8220; angled_section=&#8220;no&#8220; text_align=&#8220;left&#8220; background_image_as_pattern=&#8220;without_pattern&#8220; css=&#8220;.vc_custom_1497236906856{padding-top: 4.9% !important;padding-bottom: 4.75% !important;}&#8220;][vc_column][vc_empty_space][vc_row_inner row_type=&#8220;row&#8220; type=&#8220;full_width&#8220; text_align=&#8220;left&#8220; css_animation=&#8220;&#8220;][vc_column_inner width=&#8220;2\/3&#8243;][vc_empty_space height=&#8220;48px&#8220;][vc_column_text]&#8230;<\/p>\n","protected":false},"author":2,"featured_media":0,"parent":1451,"menu_order":0,"comment_status":"closed","ping_status":"closed","template":"full_width.php","meta":{"footnotes":""},"class_list":["post-1454","page","type-page","status-publish","hentry"],"_links":{"self":[{"href":"https:\/\/atasteofalaska.com\/de\/wp-json\/wp\/v2\/pages\/1454","targetHints":{"allow":["GET"]}}],"collection":[{"href":"https:\/\/atasteofalaska.com\/de\/wp-json\/wp\/v2\/pages"}],"about":[{"href":"https:\/\/atasteofalaska.com\/de\/wp-json\/wp\/v2\/types\/page"}],"author":[{"embeddable":true,"href":"https:\/\/atasteofalaska.com\/de\/wp-json\/wp\/v2\/users\/2"}],"replies":[{"embeddable":true,"href":"https:\/\/atasteofalaska.com\/de\/wp-json\/wp\/v2\/comments?post=1454"}],"version-history":[{"count":0,"href":"https:\/\/atasteofalaska.com\/de\/wp-json\/wp\/v2\/pages\/1454\/revisions"}],"up":[{"embeddable":true,"href":"https:\/\/atasteofalaska.com\/de\/wp-json\/wp\/v2\/pages\/1451"}],"wp:attachment":[{"href":"https:\/\/atasteofalaska.com\/de\/wp-json\/wp\/v2\/media?parent=1454"}],"curies":[{"name":"wp","href":"https:\/\/api.w.org\/{rel}","templated":true}]}}