{"id":1452,"date":"2018-04-04T13:53:11","date_gmt":"2018-04-04T21:53:11","guid":{"rendered":"https:\/\/atasteofalaska.com\/unterkunfte\/barrierefreie-suite\/"},"modified":"2018-05-19T07:48:50","modified_gmt":"2018-05-19T15:48:50","slug":"barrierefreie-suite","status":"publish","type":"page","link":"https:\/\/atasteofalaska.com\/de\/unterkunfte\/barrierefreie-suite\/","title":{"rendered":"Barrierefreie Suite"},"content":{"rendered":"<section class=\"wpb-content-wrapper\"><p>[vc_row css_animation=&#8220;&#8220; row_type=&#8220;row&#8220; use_row_as_full_screen_section=&#8220;no&#8220; type=&#8220;grid&#8220; angled_section=&#8220;no&#8220; text_align=&#8220;center&#8220; background_image=&#8220;500&#8243; background_image_as_pattern=&#8220;without_pattern&#8220; css=&#8220;.vc_custom_1496710295325{padding-top: 0% !important;padding-bottom: 0% !important;}&#8220;][vc_column css=&#8220;.vc_custom_1496711919776{padding-top: 4% !important;padding-bottom: 4% !important;}&#8220;][vc_column_text]<\/p>\n<h2><span style=\"color: #ffffff;\">BARRIEREFREIE SUITE<\/span><\/h2>\n<p>[\/vc_column_text][\/vc_column][\/vc_row][vc_row css_animation=&#8220;&#8220; row_type=&#8220;row&#8220; use_row_as_full_screen_section=&#8220;no&#8220; type=&#8220;grid&#8220; angled_section=&#8220;no&#8220; text_align=&#8220;left&#8220; background_image_as_pattern=&#8220;without_pattern&#8220; css=&#8220;.vc_custom_1497236906856{padding-top: 4.9% !important;padding-bottom: 4.75% !important;}&#8220;][vc_column][vc_empty_space][vc_row_inner row_type=&#8220;row&#8220; type=&#8220;full_width&#8220; text_align=&#8220;left&#8220; css_animation=&#8220;&#8220;][vc_column_inner width=&#8220;2\/3&#8243;]<div class='qode_image_gallery_no_space light'><div class='qode_image_gallery_holder' style='height: 600px;'><ul  ><li  ><div style=\"height: 600px; width:904px;\"><img decoding=\"async\" itemprop=\"image\" src=\"https:\/\/atasteofalaska.com\/wp-content\/uploads\/2017\/06\/accessible-suite-bed-2.jpg\" alt=\"Accessible Suite Bed at A Taste of Alaska - Fairbanks Bed and Breakfast\" \/><\/div><\/li><li  ><div style=\"height: 600px; width:904px;\"><img decoding=\"async\" itemprop=\"image\" src=\"https:\/\/atasteofalaska.com\/wp-content\/uploads\/2017\/06\/accessible-suite-bed-1.jpg\" alt=\"West Suite Bedroom at A Taste of Alaska - Fairbanks Bed and Breakfast\" \/><\/div><\/li><li  ><div style=\"height: 600px; width:904px;\"><img decoding=\"async\" itemprop=\"image\" src=\"https:\/\/atasteofalaska.com\/wp-content\/uploads\/2017\/06\/accessible-suite-detail.jpg\" alt=\"Iditarod Memorabilia at A Taste of Alaska - Fairbanks Bed and Breakfast\" \/><\/div><\/li><li  ><div style=\"height: 600px; width:904px;\"><img decoding=\"async\" itemprop=\"image\" src=\"https:\/\/atasteofalaska.com\/wp-content\/uploads\/2017\/06\/accessible-suite-bathroom.jpg\" alt=\"Accessible Suite Bathroom at A Taste of Alaska - Fairbanks Bed and Breakfast\" \/><\/div><\/li><li  ><div style=\"height: 600px; width:904px;\"><img decoding=\"async\" itemprop=\"image\" src=\"https:\/\/atasteofalaska.com\/wp-content\/uploads\/2017\/06\/accessible-suite-detail-2.jpg\" alt=\"Local Art at A Taste of Alaska - Fairbanks Bed and Breakfast\" \/><\/div><\/li><\/ul><\/div><div class=\"controls\"><a class=\"prev-slide\" href=\"#\"><span><i class=\"fa fa-angle-left\"><\/i><\/span><\/a><a class=\"next-slide\" href=\"#\"><span><i class=\"fa fa-angle-right\"><\/i><\/span><\/a><\/div><\/div>[vc_empty_space height=&#8220;48px&#8220;][vc_column_text]<\/p>\n<h3><strong> Genie\u00dfen Sie ger\u00e4umigen Komfort in der Barrierefreien Suite. <\/strong><\/h3>\n<p>[\/vc_column_text][vc_empty_space height=&#8220;28px&#8220;][vc_column_text]<\/p>\n<p style=\"text-align: left;\"> Das Haupthaus bietet eine gro\u00dfe Familiensuite mit einem behindertengerechten Bad und Dusche. Es gibt viel Platz zum Ausbreiten, und das Fr\u00fchst\u00fcck wird nur wenige Schritte entfernt im Esszimmer serviert. <\/p>\n<p>&nbsp;<\/p>\n<p style=\"text-align: left;\"> Die Barrierefreie Familien-Suite hat handgefertigte Quilts auf den Betten und \u00fcberall sind charmante Artefakte ausgestellt, darunter zum Beispiel Souvenirs aus vorherigen Iditarod Rennen. Die gro\u00dfen Fenster sind perfekt um die Wildnis Alaska\u2019s zu betrachten. <\/p>\n<p>&nbsp;<\/p>\n<p style=\"text-align: left;\"> Ein Aufenthalt in der Barrierefreien Familien-Suite ist ein einmaliges Erlebnis, anderes als andere Fr\u00fchst\u00fcckspensionen in Fairbanks und sicherlich unvergesslich. <\/p>\n<p>[\/vc_column_text][\/vc_column_inner][vc_column_inner width=&#8220;1\/3&#8243; css=&#8220;.vc_custom_1497237194624{padding-left: 10% !important;}&#8220;][vc_empty_space height=&#8220;48px&#8220;]<a  itemprop=\"url\" href=\"https:\/\/atasteofalaska.com\/de\/buchen\/\" target=\"_self\"  class=\"qbutton  big_large default\" style=\"\">UNTERKUNFT BUCHEN<\/a>[vc_empty_space height=&#8220;48px&#8220;][vc_column_text]<\/p>\n<h4>Ausstattung der Barrierefreien Suite<\/h4>\n<p>[\/vc_column_text][vc_empty_space height=&#8220;18px&#8220;][vc_column_text]<\/p>\n<ul>\n<li>Fr\u00fchst\u00fcck<\/li>\n<li class=\"li1\"><span class=\"s2\">Lokale Fernsehsender<\/span><\/li>\n<li class=\"li1\"><span class=\"s2\">4G LTE Telefonempfang<\/span><\/li>\n<li>2 Queen-Betten, 1 Doppelbett<\/li>\n<li>Privates Badezimmer<\/li>\n<li>Behindertengerechte Dusche<\/li>\n<li>W-lan\/WiFi<\/li>\n<li>Spektakul\u00e4re Aussichten<\/li>\n<li>Handgefertigte Quilts<\/li>\n<\/ul>\n<p>[\/vc_column_text][vc_empty_space height=&#8220;48px&#8220;][vc_column_text]<\/p>\n<h4>Preise f\u00fcr die Barrierefreie Suite<\/h4>\n<p>[\/vc_column_text][vc_empty_space height=&#8220;18px&#8220;][vc_column_text]<strong>2 Personen Reservierung:<\/strong><br \/>\nPro Nacht: $ 205.00<br \/>\n<em>(Jede weitere Person \u00fcber 5: $ 35,00)<\/em>[\/vc_column_text][\/vc_column_inner][\/vc_row_inner][vc_empty_space height=&#8220;48px&#8220;][\/vc_column][\/vc_row]<\/p>\n<\/section>","protected":false},"excerpt":{"rendered":"<p>[vc_row css_animation=&#8220;&#8220; row_type=&#8220;row&#8220; use_row_as_full_screen_section=&#8220;no&#8220; type=&#8220;grid&#8220; angled_section=&#8220;no&#8220; text_align=&#8220;center&#8220; background_image=&#8220;500&#8243; background_image_as_pattern=&#8220;without_pattern&#8220; css=&#8220;.vc_custom_1496710295325{padding-top: 0% !important;padding-bottom: 0% !important;}&#8220;][vc_column css=&#8220;.vc_custom_1496711919776{padding-top: 4% !important;padding-bottom: 4% !important;}&#8220;][vc_column_text] BARRIEREFREIE SUITE [\/vc_column_text][\/vc_column][\/vc_row][vc_row css_animation=&#8220;&#8220; row_type=&#8220;row&#8220; use_row_as_full_screen_section=&#8220;no&#8220; type=&#8220;grid&#8220; angled_section=&#8220;no&#8220; text_align=&#8220;left&#8220; background_image_as_pattern=&#8220;without_pattern&#8220; css=&#8220;.vc_custom_1497236906856{padding-top: 4.9% !important;padding-bottom: 4.75% !important;}&#8220;][vc_column][vc_empty_space][vc_row_inner row_type=&#8220;row&#8220; type=&#8220;full_width&#8220; text_align=&#8220;left&#8220; css_animation=&#8220;&#8220;][vc_column_inner width=&#8220;2\/3&#8243;][vc_empty_space height=&#8220;48px&#8220;][vc_column_text] Genie\u00dfen Sie ger\u00e4umigen Komfort in&#8230;<\/p>\n","protected":false},"author":2,"featured_media":0,"parent":1451,"menu_order":0,"comment_status":"closed","ping_status":"closed","template":"full_width.php","meta":{"footnotes":""},"class_list":["post-1452","page","type-page","status-publish","hentry"],"_links":{"self":[{"href":"https:\/\/atasteofalaska.com\/de\/wp-json\/wp\/v2\/pages\/1452","targetHints":{"allow":["GET"]}}],"collection":[{"href":"https:\/\/atasteofalaska.com\/de\/wp-json\/wp\/v2\/pages"}],"about":[{"href":"https:\/\/atasteofalaska.com\/de\/wp-json\/wp\/v2\/types\/page"}],"author":[{"embeddable":true,"href":"https:\/\/atasteofalaska.com\/de\/wp-json\/wp\/v2\/users\/2"}],"replies":[{"embeddable":true,"href":"https:\/\/atasteofalaska.com\/de\/wp-json\/wp\/v2\/comments?post=1452"}],"version-history":[{"count":0,"href":"https:\/\/atasteofalaska.com\/de\/wp-json\/wp\/v2\/pages\/1452\/revisions"}],"up":[{"embeddable":true,"href":"https:\/\/atasteofalaska.com\/de\/wp-json\/wp\/v2\/pages\/1451"}],"wp:attachment":[{"href":"https:\/\/atasteofalaska.com\/de\/wp-json\/wp\/v2\/media?parent=1452"}],"curies":[{"name":"wp","href":"https:\/\/api.w.org\/{rel}","templated":true}]}}