{"id":1451,"date":"2018-04-04T13:36:41","date_gmt":"2018-04-04T21:36:41","guid":{"rendered":"https:\/\/atasteofalaska.com\/unterkunfte\/"},"modified":"2018-05-19T21:14:07","modified_gmt":"2018-05-20T05:14:07","slug":"unterkunfte","status":"publish","type":"page","link":"https:\/\/atasteofalaska.com\/de\/unterkunfte\/","title":{"rendered":"Unterk\u00fcnfte"},"content":{"rendered":"<section class=\"wpb-content-wrapper\"><p>[vc_row css_animation=&#8220;&#8220; row_type=&#8220;row&#8220; use_row_as_full_screen_section=&#8220;no&#8220; type=&#8220;grid&#8220; angled_section=&#8220;no&#8220; text_align=&#8220;center&#8220; background_image=&#8220;500&#8243; background_image_as_pattern=&#8220;without_pattern&#8220; css=&#8220;.vc_custom_1496710295325{padding-top: 0% !important;padding-bottom: 0% !important;}&#8220;][vc_column css=&#8220;.vc_custom_1496711919776{padding-top: 4% !important;padding-bottom: 4% !important;}&#8220;][vc_column_text]<\/p>\n<h2><span style=\"color: #ffffff;\">Unterk\u00fcnfte<\/span><\/h2>\n<p>[\/vc_column_text][\/vc_column][\/vc_row][vc_row css_animation=&#8220;&#8220; row_type=&#8220;row&#8220; use_row_as_full_screen_section=&#8220;no&#8220; type=&#8220;grid&#8220; angled_section=&#8220;no&#8220; text_align=&#8220;center&#8220; background_image_as_pattern=&#8220;without_pattern&#8220; css=&#8220;.vc_custom_1497438348420{padding-top: 4.95% !important;padding-bottom: 3.8% !important;}&#8220;][vc_column width=&#8220;1\/12&#8243;][\/vc_column][vc_column width=&#8220;5\/6&#8243;][vc_column_text el_class=&#8220;bigger12&#8243;]<\/p>\n<h6>Die A Taste of Alaska Lodge bietet eine Vielzahl von Unterk\u00fcnften, von privaten Zimmern bis zu Familiensuiten im Haupthaus und lauschige, freistehende Wohnh\u00e4user auf dem Grundst\u00fcck. Alle Unterk\u00fcnfte beinhalten ein k\u00f6stliches Fr\u00fchst\u00fcck, um den Tag richtig zu beginnen.<\/h6>\n<p>[\/vc_column_text][vc_empty_space]<a  itemprop=\"url\" href=\"https:\/\/atasteofalaska.com\/de\/buchen\/\" target=\"_self\"  class=\"qbutton  left default\" style=\"font-style: normal; \">BUCHEN SIE JETZT<\/a>[\/vc_column][vc_column width=&#8220;1\/12&#8243;][\/vc_column][\/vc_row][vc_row css_animation=&#8220;&#8220; row_type=&#8220;row&#8220; use_row_as_full_screen_section=&#8220;no&#8220; type=&#8220;grid&#8220; anchor=&#8220;sale&#8220; angled_section=&#8220;no&#8220; text_align=&#8220;center&#8220; background_image_as_pattern=&#8220;without_pattern&#8220; css=&#8220;.vc_custom_1497438285479{padding-top: 2% !important;padding-bottom: 4.9% !important;}&#8220;][vc_column][vc_row_inner row_type=&#8220;row&#8220; type=&#8220;full_width&#8220; text_align=&#8220;center&#8220; css_animation=&#8220;&#8220;][vc_column_inner width=&#8220;1\/3&#8243;]<div class=\"image_with_text\"><img decoding=\"async\" itemprop=\"image\" src=\"https:\/\/atasteofalaska.com\/wp-content\/uploads\/2017\/05\/Taste-of-AK42s.jpg\" alt=\"\" \/><h3 ><\/h3><span style=\"margin: 6px 0px;\" class=\"separator transparent\"><\/span><\/p>\n<h3 style=\"text-align: center;\">Das Cottage<\/h3>\n<p style=\"text-align: center;\">Das Cottage verf\u00fcgt \u00fcber charmante Antiquit\u00e4ten und Sammlerst\u00fccke, sowie allem modernen Komfort und Annehmlichkeiten.<\/p>\n<p><\/div>[vc_empty_space]<a  itemprop=\"url\" href=\"https:\/\/atasteofalaska.com\/de\/unterkunfte\/das-cottage\/\" target=\"_self\"  class=\"qbutton  default\" style=\"font-style: normal; \">EINZELHEITEN<\/a>[vc_empty_space][\/vc_column_inner][vc_column_inner width=&#8220;1\/3&#8243;]<div class=\"image_with_text\"><img decoding=\"async\" itemprop=\"image\" src=\"https:\/\/atasteofalaska.com\/wp-content\/uploads\/2017\/05\/Taste-of-AK59.jpg\" alt=\"\" \/><h3 ><\/h3><span style=\"margin: 6px 0px;\" class=\"separator transparent\"><\/span><\/p>\n<h3 style=\"text-align: center;\">Das Blockhaus (The Log House)<\/h3>\n<p style=\"text-align: center;\">Das Blockhaus ist eine private Unterkunft mit zwei Schlafzimmern. Das Blockhaus ist ein Favorit unter den Besuchern der A Taste of Alaska Lodge.<\/p>\n<p><\/div>[vc_empty_space]<a  itemprop=\"url\" href=\"https:\/\/atasteofalaska.com\/de\/unterkunfte\/das-blockhaus-the-log-house\/\" target=\"_self\"  class=\"qbutton  left default\" style=\"font-style: normal; \">EINZELHEITEN<\/a>[vc_empty_space][\/vc_column_inner][vc_column_inner width=&#8220;1\/3&#8243;]<div class=\"image_with_text\"><img decoding=\"async\" itemprop=\"image\" src=\"https:\/\/atasteofalaska.com\/wp-content\/uploads\/2017\/05\/index-spruce-house-winter.jpg\" alt=\"\" \/><h3 ><\/h3><span style=\"margin: 6px 0px;\" class=\"separator transparent\"><\/span><\/p>\n<h3 style=\"text-align: center;\">Das Fichtenhaus (The Spruce House)<\/h3>\n<p style=\"text-align: center;\">Das Fichtenhaus verf\u00fcgt \u00fcber eine ger\u00e4umige Veranda, gerade richtig um den Sommer zu geniessen und im Winter die Nordlichter zu beobachten.<\/p>\n<p><\/div>[vc_empty_space]<a  itemprop=\"url\" href=\"https:\/\/atasteofalaska.com\/de\/unterkunfte\/das-fichtenhaus-the-spruce-house\/\" target=\"_self\"  class=\"qbutton  left default\" style=\"font-style: normal; \">EINZELHEITEN<\/a>[\/vc_column_inner][\/vc_row_inner][vc_empty_space height=&#8220;130px&#8220;][vc_row_inner row_type=&#8220;row&#8220; type=&#8220;full_width&#8220; text_align=&#8220;center&#8220; css_animation=&#8220;&#8220;][vc_column_inner width=&#8220;1\/3&#8243;]<div class=\"image_with_text\"><img decoding=\"async\" itemprop=\"image\" src=\"https:\/\/atasteofalaska.com\/wp-content\/uploads\/2017\/05\/index-private-room.jpg\" alt=\"\" \/><h3 ><\/h3><span style=\"margin: 6px 0px;\" class=\"separator transparent\"><\/span><\/p>\n<h3 style=\"text-align: center;\">Ein Zimmer im Haupthaus (Main Lodge Room)<\/h3>\n<p style=\"text-align: center;\">Sie haben Ihren eigenen Eingang, wenn Sie in einem gem\u00fctlichen Zimmer im Haupthaus \u00fcbernachten. Perfekt f\u00fcr zwei bis vier G\u00e4ste.<\/p>\n<p><\/div>[vc_empty_space]<a  itemprop=\"url\" href=\"https:\/\/atasteofalaska.com\/de\/unterkunfte\/ein-zimmer-im-haupthaus-main-lodge-room\/\" target=\"_self\"  class=\"qbutton  left default\" style=\"font-style: normal; \">EINZELHEITEN<\/a>[vc_empty_space][\/vc_column_inner][vc_column_inner width=&#8220;1\/3&#8243;]<div class=\"image_with_text\"><img decoding=\"async\" itemprop=\"image\" src=\"https:\/\/atasteofalaska.com\/wp-content\/uploads\/2017\/05\/index-family-suite.jpg\" alt=\"\" \/><h3 ><\/h3><span style=\"margin: 6px 0px;\" class=\"separator transparent\"><\/span><\/p>\n<h3 style=\"text-align: center;\">Familien Lodge Suite<\/h3>\n<p style=\"text-align: center;\">Die Familien-Suite ist eine ger\u00e4umige Unterkunft, die perfekt f\u00fcr die ganze Familie ist, um sich auszubreiten, zu entspannen und zu genie\u00dfen.<\/p>\n<p><\/div>[vc_empty_space]<a  itemprop=\"url\" href=\"https:\/\/atasteofalaska.com\/de\/unterkunfte\/familiensuite\/\" target=\"_self\"  class=\"qbutton  left default\" style=\"font-style: normal; \">EINZELHEITEN<\/a>[vc_empty_space][\/vc_column_inner][vc_column_inner width=&#8220;1\/3&#8243;]<div class=\"image_with_text\"><img decoding=\"async\" itemprop=\"image\" src=\"https:\/\/atasteofalaska.com\/wp-content\/uploads\/2017\/05\/index-accessible-room-2.jpg\" alt=\"\" \/><h3 ><\/h3><span style=\"margin: 6px 0px;\" class=\"separator transparent\"><\/span><\/p>\n<h3 style=\"text-align: center;\">Barrierefreie Lodge Suite<\/h3>\n<p style=\"text-align: center;\">Die Barrierefreie Suite verf\u00fcgt \u00fcber eine gro\u00dfe, behindertengerechte Dusche und eine herrliche Aussicht von den Panoramafenstern.<\/p>\n<p><\/div>[vc_empty_space]<a  itemprop=\"url\" href=\"https:\/\/atasteofalaska.com\/de\/unterkunfte\/barrierefreie-suite\/\" target=\"_self\"  class=\"qbutton  left default\" style=\"font-style: normal; \">EINZELHEITEN<\/a>[\/vc_column_inner][\/vc_row_inner][vc_empty_space height=&#8220;48px&#8220;][\/vc_column][\/vc_row]<\/p>\n<\/section>","protected":false},"excerpt":{"rendered":"<p>[vc_row css_animation=&#8220;&#8220; row_type=&#8220;row&#8220; use_row_as_full_screen_section=&#8220;no&#8220; type=&#8220;grid&#8220; angled_section=&#8220;no&#8220; text_align=&#8220;center&#8220; background_image=&#8220;500&#8243; background_image_as_pattern=&#8220;without_pattern&#8220; css=&#8220;.vc_custom_1496710295325{padding-top: 0% !important;padding-bottom: 0% !important;}&#8220;][vc_column css=&#8220;.vc_custom_1496711919776{padding-top: 4% !important;padding-bottom: 4% !important;}&#8220;][vc_column_text] Unterk\u00fcnfte [\/vc_column_text][\/vc_column][\/vc_row][vc_row css_animation=&#8220;&#8220; row_type=&#8220;row&#8220; use_row_as_full_screen_section=&#8220;no&#8220; type=&#8220;grid&#8220; angled_section=&#8220;no&#8220; text_align=&#8220;center&#8220; background_image_as_pattern=&#8220;without_pattern&#8220; css=&#8220;.vc_custom_1497438348420{padding-top: 4.95% !important;padding-bottom: 3.8% !important;}&#8220;][vc_column width=&#8220;1\/12&#8243;][\/vc_column][vc_column width=&#8220;5\/6&#8243;][vc_column_text el_class=&#8220;bigger12&#8243;] Die A Taste of Alaska Lodge bietet eine Vielzahl&#8230;<\/p>\n","protected":false},"author":2,"featured_media":0,"parent":0,"menu_order":0,"comment_status":"closed","ping_status":"closed","template":"full_width.php","meta":{"footnotes":""},"class_list":["post-1451","page","type-page","status-publish","hentry"],"_links":{"self":[{"href":"https:\/\/atasteofalaska.com\/de\/wp-json\/wp\/v2\/pages\/1451","targetHints":{"allow":["GET"]}}],"collection":[{"href":"https:\/\/atasteofalaska.com\/de\/wp-json\/wp\/v2\/pages"}],"about":[{"href":"https:\/\/atasteofalaska.com\/de\/wp-json\/wp\/v2\/types\/page"}],"author":[{"embeddable":true,"href":"https:\/\/atasteofalaska.com\/de\/wp-json\/wp\/v2\/users\/2"}],"replies":[{"embeddable":true,"href":"https:\/\/atasteofalaska.com\/de\/wp-json\/wp\/v2\/comments?post=1451"}],"version-history":[{"count":0,"href":"https:\/\/atasteofalaska.com\/de\/wp-json\/wp\/v2\/pages\/1451\/revisions"}],"wp:attachment":[{"href":"https:\/\/atasteofalaska.com\/de\/wp-json\/wp\/v2\/media?parent=1451"}],"curies":[{"name":"wp","href":"https:\/\/api.w.org\/{rel}","templated":true}]}}