{"id":1449,"date":"2018-04-04T13:32:10","date_gmt":"2018-04-04T21:32:10","guid":{"rendered":"https:\/\/atasteofalaska.com\/uber-uns\/informationen-zur-lodge\/"},"modified":"2018-04-04T13:32:16","modified_gmt":"2018-04-04T21:32:16","slug":"informationen-zur-lodge","status":"publish","type":"page","link":"https:\/\/atasteofalaska.com\/de\/uber-uns\/informationen-zur-lodge\/","title":{"rendered":"Informationen zur Lodge"},"content":{"rendered":"<section class=\"wpb-content-wrapper\"><p>[vc_row css_animation=&#8220;&#8220; row_type=&#8220;row&#8220; use_row_as_full_screen_section=&#8220;no&#8220; type=&#8220;grid&#8220; angled_section=&#8220;no&#8220; text_align=&#8220;center&#8220; background_image=&#8220;500&#8243; background_image_as_pattern=&#8220;without_pattern&#8220; css=&#8220;.vc_custom_1496710295325{padding-top: 0% !important;padding-bottom: 0% !important;}&#8220;][vc_column css=&#8220;.vc_custom_1496711919776{padding-top: 4% !important;padding-bottom: 4% !important;}&#8220;][vc_column_text]<\/p>\n<h1><span style=\"color: #ffffff;\">Informationen zur Lodge<\/span><\/h1>\n<p>[\/vc_column_text][\/vc_column][\/vc_row][vc_row css_animation=&#8220;&#8220; row_type=&#8220;row&#8220; use_row_as_full_screen_section=&#8220;no&#8220; type=&#8220;full_width&#8220; angled_section=&#8220;no&#8220; text_align=&#8220;left&#8220; background_image_as_pattern=&#8220;without_pattern&#8220;][vc_column][vc_column_text]<\/p>\n<p>[\/vc_column_text][\/vc_column][\/vc_row][vc_row css_animation=&#8220;&#8220; row_type=&#8220;row&#8220; use_row_as_full_screen_section=&#8220;no&#8220; type=&#8220;grid&#8220; angled_section=&#8220;no&#8220; text_align=&#8220;center&#8220; background_image_as_pattern=&#8220;without_pattern&#8220; css=&#8220;.vc_custom_1497532402942{padding-top: 4.95% !important;padding-bottom: 4% !important;}&#8220;][vc_column width=&#8220;1\/12&#8243;][\/vc_column][vc_column width=&#8220;5\/6&#8243;][vc_empty_space height=&#8220;18px&#8220;][vc_column_text]<\/p>\n<h6> Lesen Sie weiter f\u00fcr n\u00fctzliche Informationen, die Ihnen bei der  Planung Ihres Aufenthaltes in der A Taste of Alaska Lodge behilflich sein werden. <\/h6>\n<p>[\/vc_column_text][\/vc_column][vc_column width=&#8220;1\/12&#8243;][\/vc_column][\/vc_row][vc_row css_animation=&#8220;&#8220; row_type=&#8220;row&#8220; use_row_as_full_screen_section=&#8220;no&#8220; type=&#8220;full_width&#8220; angled_section=&#8220;no&#8220; text_align=&#8220;center&#8220; background_image_as_pattern=&#8220;without_pattern&#8220; background_color=&#8220;#fafafa&#8220;][vc_column][qode_elements_holder number_of_columns=&#8220;two_columns&#8220;][qode_elements_holder_item item_padding=&#8220;15.5% 13% 14% 13%&#8220; advanced_animations=&#8220;no&#8220; item_padding_1024_1280=&#8220;16% 5% 14.7% 5%&#8220; item_padding_768_1024=&#8220;16% 5% 14.7% 5%&#8220; item_padding_600_768=&#8220;8% 10% 8.7% 10% &#8220; item_padding_480_600=&#8220;18% 3% 14.7% 3%&#8220; item_padding_480=&#8220;18% 3% 14.7% 3%&#8220;][vc_column_text css=&#8220;.vc_custom_1498620945078{margin-bottom: 20px !important;}&#8220;]<\/p>\n<h2>ANREISE<\/h2>\n<p>[\/vc_column_text][vc_column_text css=&#8220;.vc_custom_1498620844035{padding-right: 10% !important;padding-left: 10% !important;}&#8220;]<\/p>\n<p style=\"text-align: center;\"><iframe loading=\"lazy\" style=\"border: 0;\" src=\"https:\/\/www.google.com\/maps\/embed?pb=!1m14!1m8!1m3!1d216762.56065048726!2d-147.457242!3d64.884476!3m2!1i1024!2i768!4f13.1!3m3!1m2!1s0x0%3A0x7163f1cf53e260eb!2sA+Taste+of+Alaska+Lodge!5e0!3m2!1sen!2sau!4v1498620183932\" width=\"300\" height=\"240\" frameborder=\"0\" allowfullscreen=\"allowfullscreen\"><\/iframe><\/p>\n<p>[\/vc_column_text][vc_column_text css=&#8220;.vc_custom_1500019549511{margin-top: 20px !important;padding-right: 10% !important;padding-left: 10% !important;}&#8220;]<\/p>\n<p style=\"text-align: center;\"> Wir empfehlen, dass unsere G\u00e4ste ein Auto mieten. Wir haben leider keinen Shuttle Service. Die meisten der gro\u00dfen Autovermieter haben Filialen im Flughafen von Fairbanks. Im Winter werden die Stra\u00dfen vom Winterdienst schneefrei gehalten, und unsere Auffahrt ist ger\u00e4umt. Wenn Sie keine Winterfahrerfahrung haben, empfehlen wir Ihnen, ein Auto mit Allradantrieb (AWD) zu mieten. <\/p>\n<p>&nbsp;<\/p>\n<p style=\"text-align: center;\">Wir sind etwa 20-25 Minuten Fahrt vom Flughafen Fairbanks und 15 Autominuten von der Innenstadt entfernt.\n<\/p>\n<p>&nbsp;<\/p>\n<p style=\"text-align: center;\"> Wenn die Anmietung eines Autos nicht m\u00f6glich ist, k\u00f6nnen die G\u00e4ste einen RideShare-Service in die Lodge nehmen. Eine Fahrt vom Flughafen in Fairbanks kostet $ 35-50 und von der Innenstadt $ 20-35. <\/p>\n<p>&nbsp;<\/p>\n<p style=\"text-align: center;\"> Wir empfehlen entweder <a href=\"https:\/\/www.uber.com\/fare-estimate\/\" target=\"_blank\" rel=\"noopener noreferrer\">Uber<\/a> or <a href=\"https:\/\/www.lyft.com\/cities\/fairbanks-ak\" target=\"_blank\" rel=\"noopener noreferrer\">Lyft<\/a>. Bitte gehen sie auf die jeweiligen Website um die Preise zu kalkulieren.<\/p>\n<p>[\/vc_column_text][\/qode_elements_holder_item][qode_elements_holder_item background_image=&#8220;690&#8243; item_padding=&#8220;0% 0% 0% 0%&#8220; vertical_alignment=&#8220;middle&#8220; advanced_animations=&#8220;no&#8220; item_padding_1024_1280=&#8220;0% 0% 0% 0%&#8220; item_padding_768_1024=&#8220;0% 0% 0% 0%&#8220; item_padding_600_768=&#8220;35% 0% 33% 0%&#8220; item_padding_480_600=&#8220;57% 0% 98% 0%&#8220; item_padding_480=&#8220;57% 0% 98% 0%&#8220;][\/qode_elements_holder_item][\/qode_elements_holder][\/vc_column][\/vc_row][vc_row css_animation=&#8220;&#8220; row_type=&#8220;row&#8220; use_row_as_full_screen_section=&#8220;no&#8220; type=&#8220;grid&#8220; angled_section=&#8220;no&#8220; text_align=&#8220;left&#8220; background_image_as_pattern=&#8220;without_pattern&#8220; css=&#8220;.vc_custom_1497924839497{padding-top: 4.75% !important;padding-bottom: 4.9% !important;}&#8220;][vc_column][vc_empty_space height=&#8220;28px&#8220;][vc_column_text]<\/p>\n<h2 style=\"text-align: center;\">MAHLZEITEN<\/h2>\n<p>[\/vc_column_text][vc_empty_space height=&#8220;68px&#8220;][vc_row_inner row_type=&#8220;row&#8220; type=&#8220;full_width&#8220; text_align=&#8220;left&#8220; css_animation=&#8220;&#8220;][vc_column_inner width=&#8220;1\/3&#8243;][vc_single_image image=&#8220;563&#8243; img_size=&#8220;full&#8220; alignment=&#8220;center&#8220; qode_css_animation=&#8220;&#8220;][vc_empty_space height=&#8220;24px&#8220;][\/vc_column_inner][vc_column_inner width=&#8220;1\/3&#8243;][vc_single_image image=&#8220;562&#8243; img_size=&#8220;full&#8220; alignment=&#8220;center&#8220; qode_css_animation=&#8220;&#8220;][vc_empty_space height=&#8220;24px&#8220;][vc_single_image image=&#8220;564&#8243; img_size=&#8220;full&#8220; alignment=&#8220;center&#8220; qode_css_animation=&#8220;&#8220;][vc_empty_space height=&#8220;24px&#8220;][\/vc_column_inner][vc_column_inner width=&#8220;1\/3&#8243;][vc_column_text]<\/p>\n<h3>FR\u00dcHST\u00dcCK<\/h3>\n<p>[\/vc_column_text][vc_empty_space height=&#8220;10px&#8220;][vc_column_text]Alle Unterk\u00fcnfte beinhalten ein k\u00f6stliches Fr\u00fchst\u00fcck um den Tag richtig zu beginnen. Das Fr\u00fchst\u00fcck wird im Haupthaus um 8 Uhr im Sommer und um 9 Uhr im Winter serviert. Wir bieten frischen, vor Ort ger\u00f6steten Kaffee (von der Firma <a href=\"http:\/\/northpolecoffee.com\/\" target=\"_blank\" rel=\"noopener noreferrer\">North Pole\u00a0Coffee<\/a>), S\u00e4fte, Obst und Geb\u00e4ck, Br\u00f6tchen, Quiche, French Toast, Eiergeb\u00e4ck, Aufschnitt, Joghurt und verschiedene Sorten M\u00fcsli an.<br \/>\n[\/vc_column_text][vc_empty_space height=&#8220;24px&#8220;][vc_column_text]<\/p>\n<h3>ABENDESSEN<\/h3>\n<p>[\/vc_column_text][vc_empty_space height=&#8220;10px&#8220;][vc_column_text]<a href=\"mailto:kory@atasteofalaskalodge.com\" target=\"_blank\" rel=\"noopener noreferrer\"> Bitte gehen sie auf die jeweiligen Website um die Preise zu kalkulieren. <\/a>[\/vc_column_text][vc_empty_space height=&#8220;10px&#8220;][vc_column_text]Neben dem Fr\u00fchst\u00fcck serviert  A Taste of Alaska Lodge auch Abendessen mit Vorbestellung. Bitte bestellen Sie  am Abend bevor Sie ankommen oder beim Fr\u00fchst\u00fcck am n\u00e4chsten Tag. Wir sind stolz, lokal gebrautes Silver Gulch Bier anzubieten, zusammen mit einer Auswahl an Rot- und Weissweinen und Champagner.[\/vc_column_text][\/vc_column_inner][\/vc_row_inner][vc_empty_space height=&#8220;48px&#8220;][\/vc_column][\/vc_row][vc_row css_animation=&#8220;&#8220; row_type=&#8220;row&#8220; use_row_as_full_screen_section=&#8220;no&#8220; type=&#8220;full_width&#8220; angled_section=&#8220;no&#8220; text_align=&#8220;left&#8220; background_image_as_pattern=&#8220;without_pattern&#8220; background_color=&#8220;#fafafa&#8220;][vc_column offset=&#8220;vc_hidden-sm vc_hidden-xs&#8220;][qode_elements_holder number_of_columns=&#8220;two_columns&#8220;][qode_elements_holder_item background_image=&#8220;693&#8243; item_padding=&#8220;0% 0% 0% 0%&#8220; vertical_alignment=&#8220;middle&#8220; advanced_animations=&#8220;no&#8220; item_padding_1024_1280=&#8220;0% 0% 0% 0%&#8220; item_padding_768_1024=&#8220;0% 0% 0% 0%&#8220; item_padding_600_768=&#8220;35% 0% 33% 0%&#8220; item_padding_480_600=&#8220;57% 0% 98% 0%&#8220; item_padding_480=&#8220;57% 0% 98% 0%&#8220;][\/qode_elements_holder_item][qode_elements_holder_item item_padding=&#8220;15.2% 13% 14.6% 13%&#8220; advanced_animations=&#8220;no&#8220; item_padding_1024_1280=&#8220;16% 5% 14.7% 5%&#8220; item_padding_768_1024=&#8220;16% 5% 14.7% 5%&#8220; item_padding_600_768=&#8220;8% 10% 8.7% 10% &#8220; item_padding_480_600=&#8220;18% 3% 14.7% 3% &#8220; item_padding_480=&#8220;18% 3% 14.7% 3%&#8220;][vc_column_text]<\/p>\n<h2 style=\"text-align: center;\">ESSEN GEHEN<\/h2>\n<p>[\/vc_column_text][vc_empty_space height=&#8220;49px&#8220;][vc_column_text css=&#8220;.vc_custom_1497999555950{padding-right: 10% !important;padding-left: 10% !important;}&#8220;]<\/p>\n<h3>Abendessen:<\/h3>\n<p>[\/vc_column_text][vc_empty_space height=&#8220;10px&#8220;][vc_column_text css=&#8220;.vc_custom_1500019144265{padding-right: 10% !important;padding-left: 10% !important;}&#8220;]<\/p>\n<p style=\"text-align: left;\"><strong>Lavelles Bistro<\/strong> &#8211;\u00a0<a class=\"autolinked\" href=\"http:\/\/www.lavellesbistro.com\/\" target=\"_blank\" rel=\"noopener noreferrer\" data-behavior=\"truncate\">www.lavellesbistro.com<\/a><\/p>\n<p style=\"text-align: left;\"><strong>Silver Gulch<\/strong> &#8211;\u00a0<a class=\"autolinked\" href=\"http:\/\/www.silvergulch.com\/\" target=\"_blank\" rel=\"noopener noreferrer\" data-behavior=\"truncate\">www.silvergulch.com<\/a><\/p>\n<p style=\"text-align: left;\"><strong>Turtle Club<\/strong> &#8211;\u00a0<a class=\"autolinked\" href=\"https:\/\/www.facebook.com\/The-Turtle-Club-120301851327604\/\" target=\"_blank\" rel=\"noopener noreferrer\" data-behavior=\"truncate\">www.facebook.com\/The-Turtle-Club<\/a><\/p>\n<p style=\"text-align: left;\"><strong>The Pump House<\/strong> &#8211; <a class=\"autolinked\" href=\"http:\/\/www.pumphouse.com\/\" target=\"_blank\" rel=\"noopener noreferrer\" data-behavior=\"truncate\">www.pumphouse.com<\/a><\/p>\n<p style=\"text-align: left;\"><strong>The Banks Alehouse<\/strong> &#8211;\u00a0<a class=\"autolinked\" href=\"http:\/\/www.thebanksalehouse.com\/\" target=\"_blank\" rel=\"noopener noreferrer\" data-behavior=\"truncate\">www.thebanksalehouse.com<\/a><\/p>\n<p style=\"text-align: left;\"><strong>Friar Tucks<\/strong> &#8211;\u00a0<a class=\"autolinked\" href=\"https:\/\/www.facebook.com\/FriarTucksHoagieHouse\" target=\"_blank\" rel=\"noopener noreferrer\" data-behavior=\"truncate\">www.facebook.com\/FriarTucksHoagieHouse<\/a><\/p>\n<p>[\/vc_column_text][vc_empty_space height=&#8220;36px&#8220;][vc_column_text css=&#8220;.vc_custom_1497999568429{padding-right: 10% !important;padding-left: 10% !important;}&#8220;]<\/p>\n<h3 style=\"text-align: left;\">Bier:<\/h3>\n<p>[\/vc_column_text][vc_empty_space height=&#8220;10px&#8220;][vc_column_text css=&#8220;.vc_custom_1497999582246{padding-right: 10% !important;padding-left: 10% !important;}&#8220;]<\/p>\n<p style=\"text-align: left;\"><strong>Hoodoo<\/strong> &#8211;\u00a0<a class=\"autolinked\" href=\"http:\/\/www.hoodoobrew.com\/\" target=\"_blank\" rel=\"noopener noreferrer\" data-behavior=\"truncate\">www.hoodoobrew.com<\/a><\/p>\n<p style=\"text-align: left;\"><strong>Taproom<\/strong> &#8211;\u00a0<a class=\"autolinked\" href=\"http:\/\/www.lavellestaphouse.com\/\" target=\"_blank\" rel=\"noopener noreferrer\" data-behavior=\"truncate\">www.lavellestaphouse.com<\/a><\/p>\n<p style=\"text-align: left;\"><strong>Silver Gulch Brewery<\/strong> &#8211;\u00a0<a class=\"autolinked\" href=\"http:\/\/www.silvergulch.com\/\" target=\"_blank\" rel=\"noopener noreferrer\" data-behavior=\"truncate\">www.silvergulch.com<\/a><\/p>\n<p>[\/vc_column_text][vc_empty_space height=&#8220;50px&#8220;][\/qode_elements_holder_item][\/qode_elements_holder][\/vc_column][\/vc_row][vc_row css_animation=&#8220;&#8220; row_type=&#8220;row&#8220; use_row_as_full_screen_section=&#8220;no&#8220; type=&#8220;full_width&#8220; angled_section=&#8220;no&#8220; text_align=&#8220;left&#8220; background_image_as_pattern=&#8220;without_pattern&#8220; background_color=&#8220;#fafafa&#8220;][vc_column offset=&#8220;vc_hidden-lg vc_hidden-md&#8220;][qode_elements_holder number_of_columns=&#8220;two_columns&#8220;][qode_elements_holder_item background_image=&#8220;693&#8243; item_padding=&#8220;0% 0% 0% 0%&#8220; vertical_alignment=&#8220;middle&#8220; advanced_animations=&#8220;no&#8220; item_padding_1024_1280=&#8220;0% 0% 0% 0%&#8220; item_padding_768_1024=&#8220;0% 0% 0% 0%&#8220; item_padding_600_768=&#8220;35% 0% 33% 0%&#8220; item_padding_480_600=&#8220;57% 0% 98% 0%&#8220; item_padding_480=&#8220;57% 0% 98% 0%&#8220;][\/qode_elements_holder_item][qode_elements_holder_item item_padding=&#8220;15.2% 13% 14.6% 13%&#8220; advanced_animations=&#8220;no&#8220; item_padding_1024_1280=&#8220;16% 5% 14.7% 5%&#8220; item_padding_768_1024=&#8220;16% 5% 14.7% 5%&#8220; item_padding_600_768=&#8220;8% 10% 8.7% 10% &#8220; item_padding_480_600=&#8220;18% 3% 14.7% 3% &#8220; item_padding_480=&#8220;18% 3% 14.7% 3%&#8220;][vc_column_text]<\/p>\n<h2 style=\"text-align: center;\">ESSEN GEHEN<\/h2>\n<p>[\/vc_column_text][vc_empty_space height=&#8220;49px&#8220;][vc_column_text css=&#8220;.vc_custom_1498623101836{padding-right: 10% !important;padding-left: 10% !important;}&#8220;]<\/p>\n<h3 style=\"text-align: center;\">Abendessen:<\/h3>\n<p>[\/vc_column_text][vc_empty_space height=&#8220;10px&#8220;][vc_column_text css=&#8220;.vc_custom_1500019180663{padding-right: 10% !important;padding-left: 10% !important;}&#8220;]<\/p>\n<ul>\n<li style=\"text-align: left;\"><strong>Lavelles Bistro<br \/>\n<\/strong><a class=\"autolinked\" href=\"http:\/\/www.lavellesbistro.com\/\" target=\"_blank\" rel=\"noopener noreferrer\" data-behavior=\"truncate\">www.lavellesbistro.com<\/a><\/li>\n<li style=\"text-align: left;\"><strong>Silver Gulch<br \/>\n<\/strong><a class=\"autolinked\" href=\"http:\/\/www.silvergulch.com\/\" target=\"_blank\" rel=\"noopener noreferrer\" data-behavior=\"truncate\">www.silvergulch.com<\/a><\/li>\n<li style=\"text-align: left;\"><strong>Turtle Club<br \/>\n<\/strong><a class=\"autolinked\" href=\"https:\/\/www.facebook.com\/The-Turtle-Club-120301851327604\/\" target=\"_blank\" rel=\"noopener noreferrer\" data-behavior=\"truncate\">www.facebook.com\/The-Turtle-Club<\/a><\/li>\n<li style=\"text-align: left;\"><strong>The Pump House<br \/>\n<\/strong><a class=\"autolinked\" href=\"http:\/\/www.pumphouse.com\/\" target=\"_blank\" rel=\"noopener noreferrer\" data-behavior=\"truncate\">www.pumphouse.com<\/a><\/li>\n<li style=\"text-align: left;\"><strong>The Banks Alehouse<\/strong><br \/>\n<a class=\"autolinked\" href=\"http:\/\/www.thebanksalehouse.com\/\" target=\"_blank\" rel=\"noopener noreferrer\" data-behavior=\"truncate\">www.thebanksalehouse.com<\/a><\/li>\n<li style=\"text-align: left;\"><strong>Friar Tucks<br \/>\n<\/strong>\u00a0<a class=\"autolinked\" href=\"https:\/\/www.facebook.com\/FriarTucksHoagieHouse\" target=\"_blank\" rel=\"noopener noreferrer\" data-behavior=\"truncate\">www.facebook.com\/FriarTucksHoagieHouse<\/a><\/li>\n<\/ul>\n<p>[\/vc_column_text][vc_empty_space height=&#8220;36px&#8220;][vc_column_text css=&#8220;.vc_custom_1498623109916{padding-right: 10% !important;padding-left: 10% !important;}&#8220;]<\/p>\n<h3 style=\"text-align: center;\"> Bier: <\/h3>\n<p>[\/vc_column_text][vc_empty_space height=&#8220;10px&#8220;][vc_column_text css=&#8220;.vc_custom_1498623189677{padding-right: 10% !important;padding-left: 10% !important;}&#8220;]<\/p>\n<ul>\n<li style=\"text-align: left;\"><strong>Hoodoo<br \/>\n<\/strong><a class=\"autolinked\" href=\"http:\/\/www.hoodoobrew.com\/\" target=\"_blank\" rel=\"noopener noreferrer\" data-behavior=\"truncate\">www.hoodoobrew.com<\/a><\/li>\n<li style=\"text-align: left;\"><strong>Taproom<br \/>\n<\/strong><a class=\"autolinked\" href=\"http:\/\/www.lavellestaphouse.com\/\" target=\"_blank\" rel=\"noopener noreferrer\" data-behavior=\"truncate\">www.lavellestaphouse.com<\/a><\/li>\n<li style=\"text-align: left;\"><strong>Silver Gulch Brewery<\/strong><br \/>\n<a class=\"autolinked\" href=\"http:\/\/www.silvergulch.com\/\" target=\"_blank\" rel=\"noopener noreferrer\" data-behavior=\"truncate\">www.silvergulch.com<\/a><\/li>\n<\/ul>\n<p>[\/vc_column_text][vc_empty_space height=&#8220;50px&#8220;][\/qode_elements_holder_item][\/qode_elements_holder][\/vc_column][\/vc_row]<\/p>\n<\/section>","protected":false},"excerpt":{"rendered":"<p>[vc_row css_animation=&#8220;&#8220; row_type=&#8220;row&#8220; use_row_as_full_screen_section=&#8220;no&#8220; type=&#8220;grid&#8220; angled_section=&#8220;no&#8220; text_align=&#8220;center&#8220; background_image=&#8220;500&#8243; background_image_as_pattern=&#8220;without_pattern&#8220; css=&#8220;.vc_custom_1496710295325{padding-top: 0% !important;padding-bottom: 0% !important;}&#8220;][vc_column css=&#8220;.vc_custom_1496711919776{padding-top: 4% !important;padding-bottom: 4% !important;}&#8220;][vc_column_text] Informationen zur Lodge [\/vc_column_text][\/vc_column][\/vc_row][vc_row css_animation=&#8220;&#8220; row_type=&#8220;row&#8220; use_row_as_full_screen_section=&#8220;no&#8220; type=&#8220;full_width&#8220; angled_section=&#8220;no&#8220; text_align=&#8220;left&#8220; background_image_as_pattern=&#8220;without_pattern&#8220;][vc_column][vc_column_text] [\/vc_column_text][\/vc_column][\/vc_row][vc_row css_animation=&#8220;&#8220; row_type=&#8220;row&#8220; use_row_as_full_screen_section=&#8220;no&#8220; type=&#8220;grid&#8220; angled_section=&#8220;no&#8220; text_align=&#8220;center&#8220; background_image_as_pattern=&#8220;without_pattern&#8220; css=&#8220;.vc_custom_1497532402942{padding-top: 4.95% !important;padding-bottom: 4% !important;}&#8220;][vc_column width=&#8220;1\/12&#8243;][\/vc_column][vc_column width=&#8220;5\/6&#8243;][vc_empty_space&#8230;<\/p>\n","protected":false},"author":2,"featured_media":0,"parent":1447,"menu_order":0,"comment_status":"closed","ping_status":"closed","template":"full_width.php","meta":{"footnotes":""},"class_list":["post-1449","page","type-page","status-publish","hentry"],"_links":{"self":[{"href":"https:\/\/atasteofalaska.com\/de\/wp-json\/wp\/v2\/pages\/1449","targetHints":{"allow":["GET"]}}],"collection":[{"href":"https:\/\/atasteofalaska.com\/de\/wp-json\/wp\/v2\/pages"}],"about":[{"href":"https:\/\/atasteofalaska.com\/de\/wp-json\/wp\/v2\/types\/page"}],"author":[{"embeddable":true,"href":"https:\/\/atasteofalaska.com\/de\/wp-json\/wp\/v2\/users\/2"}],"replies":[{"embeddable":true,"href":"https:\/\/atasteofalaska.com\/de\/wp-json\/wp\/v2\/comments?post=1449"}],"version-history":[{"count":0,"href":"https:\/\/atasteofalaska.com\/de\/wp-json\/wp\/v2\/pages\/1449\/revisions"}],"up":[{"embeddable":true,"href":"https:\/\/atasteofalaska.com\/de\/wp-json\/wp\/v2\/pages\/1447"}],"wp:attachment":[{"href":"https:\/\/atasteofalaska.com\/de\/wp-json\/wp\/v2\/media?parent=1449"}],"curies":[{"name":"wp","href":"https:\/\/api.w.org\/{rel}","templated":true}]}}