{"id":1448,"date":"2018-04-04T13:27:42","date_gmt":"2018-04-04T21:27:42","guid":{"rendered":"https:\/\/atasteofalaska.com\/uber-uns\/haufig-gestellte-fragen\/"},"modified":"2018-04-04T13:27:49","modified_gmt":"2018-04-04T21:27:49","slug":"haufig-gestellte-fragen","status":"publish","type":"page","link":"https:\/\/atasteofalaska.com\/de\/uber-uns\/haufig-gestellte-fragen\/","title":{"rendered":"H\u00e4ufig gestellte Fragen"},"content":{"rendered":"<section class=\"wpb-content-wrapper\"><p>[vc_row css_animation=&#8220;&#8220; row_type=&#8220;row&#8220; use_row_as_full_screen_section=&#8220;no&#8220; type=&#8220;grid&#8220; angled_section=&#8220;no&#8220; text_align=&#8220;center&#8220; background_image=&#8220;500&#8243; background_image_as_pattern=&#8220;without_pattern&#8220; css=&#8220;.vc_custom_1496710295325{padding-top: 0% !important;padding-bottom: 0% !important;}&#8220;][vc_column css=&#8220;.vc_custom_1496711919776{padding-top: 4% !important;padding-bottom: 4% !important;}&#8220;][vc_column_text]<\/p>\n<h1><span style=\"color: #ffffff;\">H\u00e4ufig gestellte Fragen<\/span><\/h1>\n<p>[\/vc_column_text][\/vc_column][\/vc_row][vc_row css_animation=&#8220;&#8220; row_type=&#8220;row&#8220; use_row_as_full_screen_section=&#8220;no&#8220; type=&#8220;grid&#8220; angled_section=&#8220;no&#8220; text_align=&#8220;left&#8220; background_image_as_pattern=&#8220;without_pattern&#8220; css=&#8220;.vc_custom_1497321850742{padding-top: 4.9% !important;padding-bottom: 4.75% !important;}&#8220;][vc_column][vc_empty_space][vc_row_inner row_type=&#8220;row&#8220; type=&#8220;full_width&#8220; text_align=&#8220;left&#8220; css_animation=&#8220;&#8220;][vc_column_inner width=&#8220;1\/2&#8243; css=&#8220;.vc_custom_1497324304267{padding-right: 6% !important;}&#8220;][vc_column_text]<\/p>\n<h4> Frage: Wie komme ich zu A Taste of Alaska Lodge? <\/h4>\n<p>[\/vc_column_text][vc_empty_space height=&#8220;12px&#8220;][vc_column_text]Wir empfehlen, dass unsere G\u00e4ste ein Auto mieten. Wir haben leider keinen Shuttle Service. Die meisten der gro\u00dfen Autovermieter haben Filialen im Flughafen von Fairbanks. Im Winter werden die Stra\u00dfen vom Winterdienst schneefrei gehalten, und unsere Auffahrt ist ger\u00e4umt. Wenn Sie keine Winterfahrerfahrung haben, empfehlen wir Ihnen, ein Auto mit Allradantrieb (AWD) zu mieten.<\/p>\n<p>&nbsp;<\/p>\n<p>If renting a car is not a possibility, guests can take a RideShare service to the Lodge. A ride from Fairbanks International ranges from $35-50, and from downtown Fairbanks $20-35.<\/p>\n<p>&nbsp;<\/p>\n<p>We recommend either\u00a0<a href=\"https:\/\/www.uber.com\/fare-estimate\/\" target=\"_blank\" rel=\"noopener noreferrer\">Uber<\/a>\u00a0or\u00a0<a href=\"https:\/\/www.lyft.com\/cities\/fairbanks-ak\" target=\"_blank\" rel=\"noopener noreferrer\">Lyft<\/a>. Check their website for price estimators[\/vc_column_text][vc_empty_space height=&#8220;48px&#8220;][vc_column_text]<\/p>\n<h4> Frage: Alle Zimmer beinhalten Fr\u00fchst\u00fcck am Morgen, aber bieten Sie auch andere Mahlzeiten f\u00fcr die G\u00e4ste? <\/h4>\n<p>[\/vc_column_text][vc_empty_space height=&#8220;12px&#8220;][vc_column_text]Wir servieren Abendessen f\u00fcr unsere G\u00e4ste mit Vorbestellung. Bitte schicken Sie uns eine <a href=\"mailto:info@tasteofalaska.com\" target=\"_blank\" rel=\"noopener noreferrer\">Email um<\/a> ein Men\u00fc zu erhalten und um Abendessen zu Ihrer Reservierung hinzuzuf\u00fcgen.[\/vc_column_text][vc_empty_space height=&#8220;48px&#8220;][vc_column_text]<\/p>\n<h4>Frage: Hat die Lodge Kochgelegenheiten, welche die G\u00e4ste benutzen k\u00f6nnen?<\/h4>\n<p>[\/vc_column_text][vc_empty_space height=&#8220;12px&#8220;][vc_column_text]Im Haupthaus haben wir keine K\u00fcche f\u00fcr die G\u00e4ste, aber es gibt einen K\u00fchlschrank und eine Mikrowelle f\u00fcr G\u00e4ste im Essbereich. Das Blockhaus, das Fichtenhaus und das Cottage sind mit K\u00fcchen ausgestattet.[\/vc_column_text][vc_empty_space height=&#8220;48px&#8220;][vc_column_text]<\/p>\n<h4>Frage: Haben Sie Internet-Service?<\/h4>\n<p>[\/vc_column_text][vc_empty_space height=&#8220;12px&#8220;][vc_column_text]Ja, wir bieten kostenloses WiFi an. Handy-Geschwindigkeit ist LTE-Highspeed. F\u00fcr G\u00e4ste stehen im Speisesaal auch ein Computer und Drucker zur Verf\u00fcgung.[\/vc_column_text][vc_empty_space height=&#8220;48px&#8220;][vc_column_text]<\/p>\n<h4>Frage: Wir feiern einen besonderen Anlass w\u00e4hrend unseres Aufenthaltes bei Ihnen. K\u00f6nnen wir Blumen, Champagner, Geschenkk\u00f6rbe, etc., f\u00fcr unser Zimmer vor der Ankunft reservieren?<\/h4>\n<p>[\/vc_column_text][vc_empty_space height=&#8220;12px&#8220;][vc_column_text]Ja, wir k\u00f6nnen das alles arrangieren. Rufen Sie uns einfach an.[\/vc_column_text][\/vc_column_inner][vc_column_inner width=&#8220;1\/2&#8243; css=&#8220;.vc_custom_1497324348600{padding-right: 2% !important;padding-left: 4% !important;}&#8220;][vc_column_text]<\/p>\n<h4>Frage: Wie weit ist Fairbanks von der Lodge entfernt?<\/h4>\n<p>[\/vc_column_text][vc_empty_space height=&#8220;12px&#8220;][vc_column_text]Wir sind etwa 20-25 Minuten Fahrt vom Flughafen Fairbanks und 15 Autominuten von der Innenstadt entfernt.[\/vc_column_text][vc_empty_space height=&#8220;48px&#8220;][vc_column_text]<\/p>\n<h4>Frage: Wann ist der Check-in \/ Out?<\/h4>\n<p>[\/vc_column_text][vc_empty_space height=&#8220;12px&#8220;][vc_column_text]Check-in ist um 15:00 Uhr. Check out ist um 11:00 Uhr.<br \/>\n[\/vc_column_text][vc_empty_space height=&#8220;48px&#8220;][vc_column_text]<\/p>\n<h4> Frage: Haben alle Zimmer der A Taste of Alaska Lodge einen F\u00f6n?<\/h4>\n<p>[\/vc_column_text][vc_empty_space height=&#8220;12px&#8220;][vc_column_text]Ja.[\/vc_column_text][vc_empty_space height=&#8220;48px&#8220;][vc_column_text]<h4Frage: Wann schneit es in der Lodge?<\/h4>\n<p>[\/vc_column_text][vc_empty_space height=&#8220;12px&#8220;][vc_column_text]Normalerweise bekommen wir unseren ersten Schnee, der liegenbleibt im Oktober. Schlittenhundtouren beginnen normalerweise im November, je nach Schneefall und Loipenbeschaffenheit.<br \/>\n[\/vc_column_text][vc_empty_space height=&#8220;48px&#8220;][vc_column_text]<\/p>\n<h4>Frage: Haben Sie wettergerechte Ausr\u00fcstung f\u00fcr die G\u00e4ste?<\/h4>\n<p>[\/vc_column_text][vc_empty_space height=&#8220;12px&#8220;][vc_column_text]Ja, wir haben wettergerechte Ausr\u00fcstung, die unsere G\u00e4ste mieten k\u00f6nnen. F\u00fcr $15 pro Tag k\u00f6nnen Sie von uns Winterstiefel, eine Skihose und einen Parka mieten. Es gibt mehrere Outdoor-L\u00e4den in Fairbanks, falls Sie vorhaben, Wintersachen zu kaufen. Oder, wenn Sie versuchen nicht allzu viel Geld auszugeben, schauen Sie bei den Second-Hand-L\u00e4den Value Village oder The Salvation Army vorbei, wenn Sie in Fairbanks ankommen. Beide L\u00e4den haben eine gro\u00dfe Auswahl an Outdoor-Ausr\u00fcstung, f\u00fcr Reisende, die sparen wollen.[\/vc_column_text][vc_empty_space height=&#8220;48px&#8220;][vc_column_text]<\/p>\n<h4> Frage: Hat die Lodge ein behindertengerechtes Zimmer?<\/h4>\n<p>[\/vc_column_text][vc_empty_space height=&#8220;12px&#8220;][vc_column_text]Ja, die West Wing Family Suite ist behindertengerecht ausgestattet.<br \/>\n[\/vc_column_text][vc_empty_space height=&#8220;48px&#8220;][vc_column_text]<\/p>\n<h4>Frage: Haben Sie eine W\u00e4scherei f\u00fcr die G\u00e4ste?<\/h4>\n<p>[\/vc_column_text][vc_empty_space height=&#8220;12px&#8220;][vc_column_text]Wir haben keine Waschmaschine und Trockner, die die  G\u00e4ste selbst benutzen k\u00f6nnen, aber wir k\u00f6nnen W\u00e4sche f\u00fcr Sie f\u00fcr $15 pro Ladung waschen.<br \/>\n[\/vc_column_text][\/vc_column_inner][\/vc_row_inner][\/vc_column][\/vc_row]<\/p>\n<\/section>","protected":false},"excerpt":{"rendered":"<p>[vc_row css_animation=&#8220;&#8220; row_type=&#8220;row&#8220; use_row_as_full_screen_section=&#8220;no&#8220; type=&#8220;grid&#8220; angled_section=&#8220;no&#8220; text_align=&#8220;center&#8220; background_image=&#8220;500&#8243; background_image_as_pattern=&#8220;without_pattern&#8220; css=&#8220;.vc_custom_1496710295325{padding-top: 0% !important;padding-bottom: 0% !important;}&#8220;][vc_column css=&#8220;.vc_custom_1496711919776{padding-top: 4% !important;padding-bottom: 4% !important;}&#8220;][vc_column_text] H\u00e4ufig gestellte Fragen [\/vc_column_text][\/vc_column][\/vc_row][vc_row css_animation=&#8220;&#8220; row_type=&#8220;row&#8220; use_row_as_full_screen_section=&#8220;no&#8220; type=&#8220;grid&#8220; angled_section=&#8220;no&#8220; text_align=&#8220;left&#8220; background_image_as_pattern=&#8220;without_pattern&#8220; css=&#8220;.vc_custom_1497321850742{padding-top: 4.9% !important;padding-bottom: 4.75% !important;}&#8220;][vc_column][vc_empty_space][vc_row_inner row_type=&#8220;row&#8220; type=&#8220;full_width&#8220; text_align=&#8220;left&#8220; css_animation=&#8220;&#8220;][vc_column_inner width=&#8220;1\/2&#8243; css=&#8220;.vc_custom_1497324304267{padding-right: 6% !important;}&#8220;][vc_column_text] Frage: Wie&#8230;<\/p>\n","protected":false},"author":2,"featured_media":0,"parent":1447,"menu_order":0,"comment_status":"closed","ping_status":"closed","template":"full_width.php","meta":{"footnotes":""},"class_list":["post-1448","page","type-page","status-publish","hentry"],"_links":{"self":[{"href":"https:\/\/atasteofalaska.com\/de\/wp-json\/wp\/v2\/pages\/1448","targetHints":{"allow":["GET"]}}],"collection":[{"href":"https:\/\/atasteofalaska.com\/de\/wp-json\/wp\/v2\/pages"}],"about":[{"href":"https:\/\/atasteofalaska.com\/de\/wp-json\/wp\/v2\/types\/page"}],"author":[{"embeddable":true,"href":"https:\/\/atasteofalaska.com\/de\/wp-json\/wp\/v2\/users\/2"}],"replies":[{"embeddable":true,"href":"https:\/\/atasteofalaska.com\/de\/wp-json\/wp\/v2\/comments?post=1448"}],"version-history":[{"count":0,"href":"https:\/\/atasteofalaska.com\/de\/wp-json\/wp\/v2\/pages\/1448\/revisions"}],"up":[{"embeddable":true,"href":"https:\/\/atasteofalaska.com\/de\/wp-json\/wp\/v2\/pages\/1447"}],"wp:attachment":[{"href":"https:\/\/atasteofalaska.com\/de\/wp-json\/wp\/v2\/media?parent=1448"}],"curies":[{"name":"wp","href":"https:\/\/api.w.org\/{rel}","templated":true}]}}