{"id":1447,"date":"2018-04-04T13:25:54","date_gmt":"2018-04-04T21:25:54","guid":{"rendered":"https:\/\/atasteofalaska.com\/uber-uns\/"},"modified":"2018-05-19T21:20:34","modified_gmt":"2018-05-20T05:20:34","slug":"uber-uns","status":"publish","type":"page","link":"https:\/\/atasteofalaska.com\/de\/uber-uns\/","title":{"rendered":"\u00dcber uns"},"content":{"rendered":"<section class=\"wpb-content-wrapper\"><p>[vc_row css_animation=&#8220;&#8220; row_type=&#8220;row&#8220; use_row_as_full_screen_section=&#8220;no&#8220; type=&#8220;grid&#8220; angled_section=&#8220;no&#8220; text_align=&#8220;center&#8220; background_image=&#8220;500&#8243; background_image_as_pattern=&#8220;without_pattern&#8220; css=&#8220;.vc_custom_1496710295325{padding-top: 0% !important;padding-bottom: 0% !important;}&#8220;][vc_column css=&#8220;.vc_custom_1496711919776{padding-top: 4% !important;padding-bottom: 4% !important;}&#8220;][vc_column_text]<\/p>\n<h1><span style=\"color: #ffffff;\">\u00dcber uns<\/span><\/h1>\n<p><img decoding=\"async\" class=\"aligncenter wp-image-358 size-full\" src=\"https:\/\/atasteofalaska.com\/wp-content\/uploads\/2017\/06\/logo.png\" alt=\"A Taste of Alaska Lodge\" \/>[\/vc_column_text][\/vc_column][\/vc_row][vc_row css_animation=&#8220;&#8220; row_type=&#8220;row&#8220; use_row_as_full_screen_section=&#8220;no&#8220; type=&#8220;grid&#8220; angled_section=&#8220;no&#8220; text_align=&#8220;center&#8220; background_image_as_pattern=&#8220;without_pattern&#8220; css=&#8220;.vc_custom_1497532402942{padding-top: 4.95% !important;padding-bottom: 4% !important;}&#8220;][vc_column width=&#8220;1\/12&#8243;][\/vc_column][vc_column width=&#8220;5\/6&#8243;][vc_empty_space height=&#8220;18px&#8220;][vc_column_text]<\/p>\n<h6><\/h6>\n<p>&nbsp;<\/p>\n<h6 style=\"text-align: center;\">Die Geschichte von A Taste of Alaska Lodge begann 1947, als Walter Eberhardt und seine Frau Dorothy nach Fairbanks zogen und 160 Hektar bewirtschafteten.<\/h6>\n<p>&nbsp;[\/vc_column_text][\/vc_column][vc_column width=&#8220;1\/12&#8243;][\/vc_column][\/vc_row][vc_row css_animation=&#8220;&#8220; row_type=&#8220;row&#8220; use_row_as_full_screen_section=&#8220;no&#8220; type=&#8220;grid&#8220; angled_section=&#8220;no&#8220; text_align=&#8220;left&#8220; background_image_as_pattern=&#8220;without_pattern&#8220; css=&#8220;.vc_custom_1497532258103{padding-top: 2% !important;padding-bottom: 3% !important;}&#8220;][vc_column width=&#8220;2\/3&#8243;][vc_single_image image=&#8220;618&#8243; img_size=&#8220;full&#8220; alignment=&#8220;center&#8220; onclick=&#8220;link_image&#8220; qode_css_animation=&#8220;&#8220; css=&#8220;.vc_custom_1500017147655{padding-bottom: 0px !important;}&#8220;][vc_empty_space height=&#8220;29px&#8220;][\/vc_column][vc_column width=&#8220;1\/3&#8243;][vc_single_image image=&#8220;619&#8243; img_size=&#8220;full&#8220; onclick=&#8220;link_image&#8220; qode_css_animation=&#8220;&#8220; css=&#8220;.vc_custom_1500017159003{padding-bottom: 0px !important;}&#8220;][vc_empty_space height=&#8220;29px&#8220;][vc_single_image image=&#8220;555&#8243; img_size=&#8220;full&#8220; onclick=&#8220;link_image&#8220; qode_css_animation=&#8220;&#8220; css=&#8220;.vc_custom_1500017167993{padding-top: 0px !important;}&#8220;][vc_empty_space height=&#8220;29px&#8220;][\/vc_column][\/vc_row][vc_row css_animation=&#8220;&#8220; row_type=&#8220;row&#8220; use_row_as_full_screen_section=&#8220;no&#8220; type=&#8220;grid&#8220; angled_section=&#8220;no&#8220; text_align=&#8220;center&#8220; background_image_as_pattern=&#8220;without_pattern&#8220;][vc_column width=&#8220;1\/12&#8243;][\/vc_column][vc_column width=&#8220;5\/6&#8243;][vc_column_text el_class=&#8220;bigger12&#8243;]<\/p>\n<p style=\"text-align: left;\">Walter kam aus Idaho nach Alaska und suchte Arbeit und ein besseres Leben.  Zusammen errichteten sie eine Gem\u00fcse- und Heu-Farm. Walter baute ein kleines Haus f\u00fcr sie, zu dem er schlie\u00dflich drei Anbauten und einen Keller hinzuf\u00fcgte.<\/p>\n<p>&nbsp;[\/vc_column_text][vc_empty_space height=&#8220;29px&#8220;][vc_row_inner row_type=&#8220;row&#8220; type=&#8220;full_width&#8220; text_align=&#8220;left&#8220; css_animation=&#8220;&#8220;][vc_column_inner width=&#8220;1\/3&#8243;][vc_single_image image=&#8220;726&#8243; img_size=&#8220;full&#8220; add_caption=&#8220;yes&#8220; onclick=&#8220;link_image&#8220; qode_css_animation=&#8220;&#8220;][vc_empty_space height=&#8220;29px&#8220;][\/vc_column_inner][vc_column_inner width=&#8220;1\/3&#8243;][vc_single_image image=&#8220;719&#8243; img_size=&#8220;full&#8220; add_caption=&#8220;yes&#8220; onclick=&#8220;link_image&#8220; qode_css_animation=&#8220;&#8220;][vc_empty_space height=&#8220;29px&#8220;][\/vc_column_inner][vc_column_inner width=&#8220;1\/3&#8243;][vc_single_image image=&#8220;723&#8243; img_size=&#8220;full&#8220; add_caption=&#8220;yes&#8220; qode_css_animation=&#8220;&#8220;][vc_empty_space height=&#8220;29px&#8220;][\/vc_column_inner][\/vc_row_inner][vc_row_inner row_type=&#8220;row&#8220; type=&#8220;full_width&#8220; text_align=&#8220;left&#8220; css_animation=&#8220;&#8220;][vc_column_inner width=&#8220;1\/3&#8243;][vc_single_image image=&#8220;720&#8243; img_size=&#8220;full&#8220; add_caption=&#8220;yes&#8220; qode_css_animation=&#8220;&#8220;][vc_empty_space height=&#8220;29px&#8220;][\/vc_column_inner][vc_column_inner width=&#8220;1\/3&#8243;][vc_single_image image=&#8220;732&#8243; img_size=&#8220;full&#8220; add_caption=&#8220;yes&#8220; qode_css_animation=&#8220;&#8220;][vc_empty_space height=&#8220;29px&#8220;][\/vc_column_inner][vc_column_inner width=&#8220;1\/3&#8243;][vc_single_image image=&#8220;729&#8243; img_size=&#8220;full&#8220; add_caption=&#8220;yes&#8220; onclick=&#8220;link_image&#8220; qode_css_animation=&#8220;&#8220;][vc_empty_space height=&#8220;29px&#8220;][\/vc_column_inner][\/vc_row_inner][vc_column_text el_class=&#8220;bigger12&#8243;]<\/p>\n<p style=\"text-align: left;\"> Walter\u2019s Sohn, David, erweitert das Anwesen, das jetzt 280 Hektar umfasst. Er und seine Frau Debbie gr\u00fcndeten 1992 A Taste of Alaska Lodge, und das Haupthaus wurde 2 Jahre sp\u00e4ter  gebaut. Dave und Debbie haben ein Familienanwesen in ein Familienunternehmen umgewandelt, das Besucher aus aller Welt ganzj\u00e4hrig unterh\u00e4lt. Debbie sammelte die Antiquit\u00e4ten und Artefakte, die heute das Land und die Geb\u00e4ude schm\u00fccken. Sie war f\u00fcr die Gesch\u00e4ftsf\u00fchrung verantwortlich, w\u00e4hrend Dave die Wartungs- und Instandhaltung \u00fcbernahm. Das hat er von seinem Vater gelernt.<\/p>\n<p>&nbsp;[\/vc_column_text][vc_empty_space height=&#8220;29px&#8220;][vc_single_image image=&#8220;727&#8243; img_size=&#8220;full&#8220; add_caption=&#8220;yes&#8220; onclick=&#8220;link_image&#8220; qode_css_animation=&#8220;&#8220;][vc_empty_space height=&#8220;29px&#8220;][vc_column_text el_class=&#8220;bigger12&#8243;]<\/p>\n<p style=\"text-align: left;\">Im Jahre 2010 kaufte Dave\u2019s Sohn Kory die Lodge, und leitet sie nun mit seiner Frau Lily. Kory war nur 7 Jahre alt, als das Familienunternehmen er\u00f6ffnet wurde, und er wollte von Anfang an mithelfen. Fast sein ganzes Leben wurde von der A Taste of Alaska Lodge bestimmt. Er und Lily leben in dem Haus, das  sein Gro\u00dfvater Walter in den 40er Jahren gebaut hat.\n<\/p>\n<p>&nbsp;[\/vc_column_text][vc_empty_space height=&#8220;40px&#8220;][vc_row_inner row_type=&#8220;row&#8220; type=&#8220;full_width&#8220; text_align=&#8220;left&#8220; css_animation=&#8220;&#8220;][vc_column_inner width=&#8220;1\/2&#8243;][vc_single_image image=&#8220;1127&#8243; img_size=&#8220;full&#8220; add_caption=&#8220;yes&#8220; onclick=&#8220;link_image&#8220; qode_css_animation=&#8220;&#8220;][vc_empty_space height=&#8220;29px&#8220;][\/vc_column_inner][vc_column_inner width=&#8220;1\/2&#8243;][vc_single_image image=&#8220;1124&#8243; img_size=&#8220;full&#8220; add_caption=&#8220;yes&#8220; onclick=&#8220;link_image&#8220; qode_css_animation=&#8220;&#8220;][vc_empty_space height=&#8220;29px&#8220;][\/vc_column_inner][\/vc_row_inner][vc_column_text el_class=&#8220;bigger12&#8243;]<\/p>\n<p style=\"text-align: left;\">Diese Lodge ist eine grossartige Alternative zu den Hotels in Fairbanks. Sie bietet einen Ausblick auf die Alaskakette, Mt. Denali und Fairbanks in der Ferne. Die Besucher k\u00f6nnen  Alaska\u2019s nat\u00fcrliche Sch\u00f6nheit hautnah erleben, wie zum Beispiel die Nordlichter im Winter und Wildtiere das ganze Jahr \u00fcber. Und alles das w\u00e4hrend sie den Komfort und die Annehmlichkeiten der Lodge geniessen. <\/p>\n<p>&nbsp;[\/vc_column_text][vc_empty_space height=&#8220;40px&#8220;][vc_single_image image=&#8220;721&#8243; img_size=&#8220;full&#8220; add_caption=&#8220;yes&#8220; alignment=&#8220;center&#8220; onclick=&#8220;link_image&#8220; qode_css_animation=&#8220;&#8220;][vc_empty_space height=&#8220;29px&#8220;][vc_column_text el_class=&#8220;bigger12&#8243;]<\/p>\n<p style=\"text-align: left;\">Drei Generationen der Familie Eberhardt haben die Geb\u00e4ude gebaut, die Teil der A Taste of Alaska Lodge sind. Jede Generation lernte mit und von der vorhergehenden, und das spiegelt sich im Charakter und der Einzigartigkeit jedes Geb\u00e4udes wider. Die Familie Eberhardt begr\u00fc\u00dft Ihre Familie auf ihrem sch\u00f6nen und lauschigen Anwesen.<\/p>\n<p>&nbsp;[\/vc_column_text][vc_empty_space height=&#8220;48px&#8220;]<a  itemprop=\"url\" href=\"https:\/\/atasteofalaska.com\/de\/accommodations\/\" target=\"_self\"  class=\"qbutton  center default\" style=\"font-style: normal; \">Unterk\u00fcnfte<\/a>[vc_empty_space height=&#8220;110px&#8220;][\/vc_column][vc_column width=&#8220;1\/12&#8243;][\/vc_column][\/vc_row]<\/p>\n<\/section>","protected":false},"excerpt":{"rendered":"<p>[vc_row css_animation=&#8220;&#8220; row_type=&#8220;row&#8220; use_row_as_full_screen_section=&#8220;no&#8220; type=&#8220;grid&#8220; angled_section=&#8220;no&#8220; text_align=&#8220;center&#8220; background_image=&#8220;500&#8243; background_image_as_pattern=&#8220;without_pattern&#8220; css=&#8220;.vc_custom_1496710295325{padding-top: 0% !important;padding-bottom: 0% !important;}&#8220;][vc_column css=&#8220;.vc_custom_1496711919776{padding-top: 4% !important;padding-bottom: 4% !important;}&#8220;][vc_column_text] \u00dcber uns [\/vc_column_text][\/vc_column][\/vc_row][vc_row css_animation=&#8220;&#8220; row_type=&#8220;row&#8220; use_row_as_full_screen_section=&#8220;no&#8220; type=&#8220;grid&#8220; angled_section=&#8220;no&#8220; text_align=&#8220;center&#8220; background_image_as_pattern=&#8220;without_pattern&#8220; css=&#8220;.vc_custom_1497532402942{padding-top: 4.95% !important;padding-bottom: 4% !important;}&#8220;][vc_column width=&#8220;1\/12&#8243;][\/vc_column][vc_column width=&#8220;5\/6&#8243;][vc_empty_space height=&#8220;18px&#8220;][vc_column_text] &nbsp; Die Geschichte von A Taste of Alaska&#8230;<\/p>\n","protected":false},"author":2,"featured_media":0,"parent":0,"menu_order":0,"comment_status":"closed","ping_status":"closed","template":"full_width.php","meta":{"footnotes":""},"class_list":["post-1447","page","type-page","status-publish","hentry"],"_links":{"self":[{"href":"https:\/\/atasteofalaska.com\/de\/wp-json\/wp\/v2\/pages\/1447","targetHints":{"allow":["GET"]}}],"collection":[{"href":"https:\/\/atasteofalaska.com\/de\/wp-json\/wp\/v2\/pages"}],"about":[{"href":"https:\/\/atasteofalaska.com\/de\/wp-json\/wp\/v2\/types\/page"}],"author":[{"embeddable":true,"href":"https:\/\/atasteofalaska.com\/de\/wp-json\/wp\/v2\/users\/2"}],"replies":[{"embeddable":true,"href":"https:\/\/atasteofalaska.com\/de\/wp-json\/wp\/v2\/comments?post=1447"}],"version-history":[{"count":0,"href":"https:\/\/atasteofalaska.com\/de\/wp-json\/wp\/v2\/pages\/1447\/revisions"}],"wp:attachment":[{"href":"https:\/\/atasteofalaska.com\/de\/wp-json\/wp\/v2\/media?parent=1447"}],"curies":[{"name":"wp","href":"https:\/\/api.w.org\/{rel}","templated":true}]}}