{"id":1445,"date":"2018-03-19T12:23:18","date_gmt":"2018-03-19T20:23:18","guid":{"rendered":"https:\/\/atasteofalaska.com\/activities-at-the-lodge\/"},"modified":"2018-05-19T21:45:28","modified_gmt":"2018-05-20T05:45:28","slug":"activities-at-the-lodge","status":"publish","type":"page","link":"https:\/\/atasteofalaska.com\/de\/activities-at-the-lodge\/","title":{"rendered":"Aktivit\u00e4ten in der Lodge"},"content":{"rendered":"<section class=\"wpb-content-wrapper\"><p>[vc_row css_animation=&#8220;&#8220; row_type=&#8220;row&#8220; use_row_as_full_screen_section=&#8220;no&#8220; type=&#8220;grid&#8220; angled_section=&#8220;no&#8220; text_align=&#8220;center&#8220; background_image=&#8220;500&#8243; background_image_as_pattern=&#8220;without_pattern&#8220; css=&#8220;.vc_custom_1496710295325{padding-top: 0% !important;padding-bottom: 0% !important;}&#8220;][vc_column css=&#8220;.vc_custom_1496711919776{padding-top: 4% !important;padding-bottom: 4% !important;}&#8220;][vc_column_text]<\/p>\n<h1><span style=\"color: #ffffff;\">AKTIVIT\u00c4TEN IN DER LODGE<\/span><\/h1>\n<p>[\/vc_column_text][\/vc_column][\/vc_row][vc_row css_animation=&#8220;&#8220; row_type=&#8220;row&#8220; use_row_as_full_screen_section=&#8220;no&#8220; type=&#8220;grid&#8220; angled_section=&#8220;no&#8220; text_align=&#8220;center&#8220; background_image_as_pattern=&#8220;without_pattern&#8220; css=&#8220;.vc_custom_1496803338719{padding-top: 4.95% !important;padding-bottom: 4.8% !important;}&#8220;][vc_column width=&#8220;1\/12&#8243;][\/vc_column][vc_column width=&#8220;5\/6&#8243;][vc_empty_space height=&#8220;54px&#8220;][vc_column_text]<\/p>\n<h6>Sommer und Winter sind einmalig in Alaska, und A Taste of Alaska Lodge bietet viele spannende Aktivit\u00e4ten w\u00e4hrend beider Jahreszeiten an. Besucher k\u00f6nnen im Sommer wandern und Tiere beobachten und im Winter Hundschlittenfahrten unternehmen und die Aurora Borealis erleben.<\/h6>\n<p>[\/vc_column_text][vc_empty_space height=&#8220;48px&#8220;][\/vc_column][vc_column width=&#8220;1\/12&#8243;][\/vc_column][\/vc_row][vc_row css_animation=&#8220;&#8220; row_type=&#8220;row&#8220; use_row_as_full_screen_section=&#8220;no&#8220; type=&#8220;full_width&#8220; angled_section=&#8220;no&#8220; text_align=&#8220;center&#8220; background_image_as_pattern=&#8220;without_pattern&#8220; background_color=&#8220;#fafafa&#8220;][vc_column][qode_elements_holder number_of_columns=&#8220;two_columns&#8220;][qode_elements_holder_item item_padding=&#8220;15.5% 13% 14% 13%&#8220; advanced_animations=&#8220;no&#8220; item_padding_1024_1280=&#8220;16% 5% 14.7% 5%&#8220; item_padding_768_1024=&#8220;16% 5% 14.7% 5%&#8220; item_padding_600_768=&#8220;8% 10% 8.7% 10% &#8220; item_padding_480_600=&#8220;18% 3% 14.7% 3%&#8220; item_padding_480=&#8220;18% 3% 14.7% 3%&#8220;][vc_column_text]<\/p>\n<h2>WINTER IN DER LODGE<\/h2>\n<p>[\/vc_column_text][vc_empty_space height=&#8220;49px&#8220;][vc_column_text css=&#8220;.vc_custom_1498527448194{padding-right: 10% !important;padding-left: 10% !important;}&#8220;]Besucher, die davon tr\u00e4umen, echte Alaska Winteraktivit\u00e4ten zu erleben, haben unter anderem die M\u00f6glichkeit zum  Hundeschlittenfahren, Winterwandern und Schneeschuhwandern in dieser Nordlicht-Lodge.[\/vc_column_text][vc_empty_space height=&#8220;50px&#8220;]<a  itemprop=\"url\" href=\"https:\/\/atasteofalaska.com\/de\/activities-at-the-lodge\/winter-activities\/\" target=\"_self\" data-hover-color='#ffffff' class=\"qbutton  center default\" style=\"color: #ffffff; font-style: normal; font-weight: 700; margin: 0px; border-radius: 0px;-moz-border-radius: 0px;-webkit-border-radius: 0px; \">WINTERAKTIVIT\u00c4TEN<\/a>[\/qode_elements_holder_item][qode_elements_holder_item background_image=&#8220;542&#8243; item_padding=&#8220;0% 0% 0% 0%&#8220; vertical_alignment=&#8220;middle&#8220; advanced_animations=&#8220;no&#8220; item_padding_1024_1280=&#8220;0% 0% 0% 0%&#8220; item_padding_768_1024=&#8220;0% 0% 0% 0%&#8220; item_padding_600_768=&#8220;35% 0% 33% 0%&#8220; item_padding_480_600=&#8220;57% 0% 98% 0%&#8220; item_padding_480=&#8220;57% 0% 98% 0%&#8220;][\/qode_elements_holder_item][\/qode_elements_holder][\/vc_column][\/vc_row][vc_row css_animation=&#8220;&#8220; row_type=&#8220;row&#8220; use_row_as_full_screen_section=&#8220;no&#8220; type=&#8220;full_width&#8220; angled_section=&#8220;no&#8220; text_align=&#8220;center&#8220; background_image_as_pattern=&#8220;without_pattern&#8220; background_color=&#8220;#fafafa&#8220;][vc_column][qode_elements_holder number_of_columns=&#8220;two_columns&#8220;][qode_elements_holder_item background_image=&#8220;541&#8243; item_padding=&#8220;0% 0% 0% 0%&#8220; advanced_animations=&#8220;no&#8220; item_padding_1024_1280=&#8220;0% 0% 0% 0%&#8220; item_padding_768_1024=&#8220;0% 0% 0% 0%&#8220; item_padding_600_768=&#8220;35% 0% 33% 0%&#8220; item_padding_480_600=&#8220;57% 0% 98% 0%&#8220; item_padding_480=&#8220;57% 0% 98% 0%&#8220;][\/qode_elements_holder_item][qode_elements_holder_item item_padding=&#8220;15.2% 13% 14.6% 13%&#8220; advanced_animations=&#8220;no&#8220; item_padding_1024_1280=&#8220;16% 5% 14.7% 5%&#8220; item_padding_768_1024=&#8220;16% 5% 14.7% 5%&#8220; item_padding_600_768=&#8220;8% 10% 8.7% 10% &#8220; item_padding_480_600=&#8220;18% 3% 14.7% 3% &#8220; item_padding_480=&#8220;18% 3% 14.7% 3%&#8220;][vc_column_text]<\/p>\n<h2>SOMMER IN DER LODGE<\/h2>\n<p>[\/vc_column_text][vc_empty_space height=&#8220;49px&#8220;][vc_column_text css=&#8220;.vc_custom_1498527504841{padding-right: 10% !important;padding-left: 10% !important;}&#8220;]Der Sommer in Fairbanks, Alaska bietet endlose Abenteuerm\u00f6glichkeiten mit seiner Mitternachtssonne. Die Besucher k\u00f6nnen das Wandern oder Faulenzen rund um das Grundst\u00fcck genie\u00dfen und Tiere in freier Wildbahn beobachten.[\/vc_column_text][vc_empty_space height=&#8220;50px&#8220;]<a  itemprop=\"url\" href=\"https:\/\/atasteofalaska.com\/de\/activities-at-the-lodge\/summer-activities\/\" target=\"_self\" data-hover-color='#ffffff' class=\"qbutton  center default\" style=\"color: #ffffff; font-style: normal; font-weight: 700; margin: 0px; border-radius: 0px;-moz-border-radius: 0px;-webkit-border-radius: 0px; \">SUMMER ACTIVITIES<\/a>[\/qode_elements_holder_item][\/qode_elements_holder][\/vc_column][\/vc_row]<\/p>\n<\/section>","protected":false},"excerpt":{"rendered":"<p>[vc_row css_animation=&#8220;&#8220; row_type=&#8220;row&#8220; use_row_as_full_screen_section=&#8220;no&#8220; type=&#8220;grid&#8220; angled_section=&#8220;no&#8220; text_align=&#8220;center&#8220; background_image=&#8220;500&#8243; background_image_as_pattern=&#8220;without_pattern&#8220; css=&#8220;.vc_custom_1496710295325{padding-top: 0% !important;padding-bottom: 0% !important;}&#8220;][vc_column css=&#8220;.vc_custom_1496711919776{padding-top: 4% !important;padding-bottom: 4% !important;}&#8220;][vc_column_text] AKTIVIT\u00c4TEN IN DER LODGE [\/vc_column_text][\/vc_column][\/vc_row][vc_row css_animation=&#8220;&#8220; row_type=&#8220;row&#8220; use_row_as_full_screen_section=&#8220;no&#8220; type=&#8220;grid&#8220; angled_section=&#8220;no&#8220; text_align=&#8220;center&#8220; background_image_as_pattern=&#8220;without_pattern&#8220; css=&#8220;.vc_custom_1496803338719{padding-top: 4.95% !important;padding-bottom: 4.8% !important;}&#8220;][vc_column width=&#8220;1\/12&#8243;][\/vc_column][vc_column width=&#8220;5\/6&#8243;][vc_empty_space height=&#8220;54px&#8220;][vc_column_text] Sommer und Winter sind einmalig in&#8230;<\/p>\n","protected":false},"author":2,"featured_media":0,"parent":0,"menu_order":0,"comment_status":"closed","ping_status":"closed","template":"full_width.php","meta":{"footnotes":""},"class_list":["post-1445","page","type-page","status-publish","hentry"],"_links":{"self":[{"href":"https:\/\/atasteofalaska.com\/de\/wp-json\/wp\/v2\/pages\/1445","targetHints":{"allow":["GET"]}}],"collection":[{"href":"https:\/\/atasteofalaska.com\/de\/wp-json\/wp\/v2\/pages"}],"about":[{"href":"https:\/\/atasteofalaska.com\/de\/wp-json\/wp\/v2\/types\/page"}],"author":[{"embeddable":true,"href":"https:\/\/atasteofalaska.com\/de\/wp-json\/wp\/v2\/users\/2"}],"replies":[{"embeddable":true,"href":"https:\/\/atasteofalaska.com\/de\/wp-json\/wp\/v2\/comments?post=1445"}],"version-history":[{"count":0,"href":"https:\/\/atasteofalaska.com\/de\/wp-json\/wp\/v2\/pages\/1445\/revisions"}],"wp:attachment":[{"href":"https:\/\/atasteofalaska.com\/de\/wp-json\/wp\/v2\/media?parent=1445"}],"curies":[{"name":"wp","href":"https:\/\/api.w.org\/{rel}","templated":true}]}}